{"id":99,"date":"2018-03-20T17:42:09","date_gmt":"2018-03-20T20:42:09","guid":{"rendered":"https:\/\/corede.faccat.br\/?page_id=99"},"modified":"2018-04-09T20:04:37","modified_gmt":"2018-04-09T23:04:37","slug":"convenios-para-consulta-popular","status":"publish","type":"page","link":"https:\/\/coredepes.faccat.br\/index.php\/convenios-para-consulta-popular\/","title":{"rendered":"Conv\u00eanios para consulta popular"},"content":{"rendered":"<style>\n \/* Style the buttons that are used to open and close the accordion panel *\/\n.accordion {\n    background-color: #eee;\n    color: #444;\n    cursor: pointer;\n    padding: 18px;\n    width: 100%;\n    text-align: left;\n    border: none;\n    outline: none;\n    transition: 0.4s;\n}\n\/* Add a background color to the button if it is clicked on (add the .active class with JS), and when you move the mouse over it (hover) *\/\n.active, .accordion:hover {\n    background-color: #ccc;\n}<\/p>\n<\/style>\n<p><button class=\"accordion active\">2017<\/button><\/p>\n<div class=\"panel\">\n<ul>\n<li><a href=\"https:\/\/coredepes.faccat.br\/wp-content\/uploads\/2018\/03\/2017_convp_GA_SEFAZRS_23317004064746.pdf\">Guia de arrecada\u00e7\u00e3o<\/a><\/li>\n<li><a href=\"https:\/\/coredepes.faccat.br\/wp-content\/uploads\/2018\/03\/2017_convp_Parecer-CAGE.pdf\">Parecer CAGE<\/a><\/li>\n<li><a href=\"https:\/\/coredepes.faccat.br\/wp-content\/uploads\/2018\/03\/2017_convp_Parecer-contador.pdf\">Parecer contador<\/a><\/li>\n<li><a href=\"https:\/\/coredepes.faccat.br\/wp-content\/uploads\/2018\/03\/2017_convp_Prest-de-Contas-TC-1043-17-Anexo-IV.pdf\">Anexo IV<\/a><\/li>\n<li><a href=\"https:\/\/coredepes.faccat.br\/wp-content\/uploads\/2018\/03\/2017_convp_Prest-de-Contas-TC-1043-17-Anexo-V.pdf\">Anexo V<\/a><\/li>\n<li><a href=\"https:\/\/coredepes.faccat.br\/wp-content\/uploads\/2018\/03\/2017_convp_Prest-de-Contas-TC-1043-17-Anexo-VI.pdf\">Anexo VI<\/a><\/li>\n<li><a href=\"https:\/\/coredepes.faccat.br\/wp-content\/uploads\/2018\/03\/2017_convp_Prest-de-Contas-TC-1043-17-Anexo-VII.pdf\">Anexo VII<\/a><\/li>\n<li><a href=\"https:\/\/coredepes.faccat.br\/wp-content\/uploads\/2018\/03\/2017_convp_Prest-de-Contas-TC-1043-17-Anexo-VIII.pdf\">Anexo VIII<\/a><\/li>\n<li><a href=\"https:\/\/coredepes.faccat.br\/wp-content\/uploads\/2018\/03\/2017_convp_Prest-de-Contas-TC-1043-17-Anexo-IX.pdf\">Anexo IX<\/a><\/li>\n<li><a href=\"https:\/\/coredepes.faccat.br\/wp-content\/uploads\/2018\/03\/2017_convp_Prest-de-Contas-TC-1043-17-Anexo-X.pdf\">Anexo X<\/a><\/li>\n<li><a href=\"https:\/\/coredepes.faccat.br\/wp-content\/uploads\/2018\/03\/2017_convp_Prest-de-Contas-TC-1043-17-Anexo-XII.pdf\">Anexo XII<\/a><\/li>\n<li><a href=\"https:\/\/coredepes.faccat.br\/wp-content\/uploads\/2018\/03\/2017_convp_Prest-de-Contas-TC-1043-17-Inf-Gerais.pdf\">Prest. Contas(Inf. Gerais)<\/a><\/li>\n<li><a href=\"https:\/\/coredepes.faccat.br\/wp-content\/uploads\/2018\/03\/2017_convp_Sumula-7.pdf\">S\u00famula 7<\/a><\/li>\n<li><a href=\"https:\/\/coredepes.faccat.br\/wp-content\/uploads\/2018\/03\/2017_convp_Termo-Assinado-Paranhana.pdf\">Termo assinado<\/a><\/li>\n<\/ul>\n<\/div>\n<p><button class=\"accordion\">2016<\/button><\/p>\n<div class=\"panel\">\n<ul>\n<li>N\u00e3o houve conv\u00eanio<\/li>\n<\/ul>\n<\/div>\n<p><button class=\"accordion\">2015<\/button><\/p>\n<div class=\"panel\">\n<ul>\n<li><a href=\"https:\/\/coredepes.faccat.br\/wp-content\/uploads\/2018\/04\/2015_convp_Rela\u00e7\u00e3o-Pagamentos-2015.doc.pdf\"> Rela\u00e7\u00e3o Pagamentos 2015 <\/a><\/li>\n<li> <a href=\"https:\/\/coredepes.faccat.br\/wp-content\/uploads\/2018\/04\/2015_convp_Relatorio-de-Execu\u00e7\u00e3o-F\u00edsico-Financeira.doc.pdf\"> Relatorio de Execu\u00e7\u00e3o F\u00edsico Financeira<\/a><\/li>\n<li> <a href=\"https:\/\/coredepes.faccat.br\/wp-content\/uploads\/2018\/04\/2015_convp_Demonstrativo-do-resultado-das-aplica\u00e7\u00f5es-Financeiras.doc.pdf\"> Demonstrativo do resultado das aplica\u00e7\u00f5es Financeiras<\/a><\/li>\n<li> <a href=\"https:\/\/coredepes.faccat.br\/wp-content\/uploads\/2018\/04\/2015_convp_Execucao-da-Receita-e-Despesa-2015.doc.pdf\"> Execucao da Receita e Despesa 2015 <\/a><\/li>\n<li> <a href=\"https:\/\/coredepes.faccat.br\/wp-content\/uploads\/2018\/04\/2015_convp_Declara\u00e7\u00e3o-Contador-.pdf\"> Declara\u00e7\u00e3o Contador <\/a><\/li>\n<li><a href=\"https:\/\/coredepes.faccat.br\/wp-content\/uploads\/2018\/04\/2015_convp_Declara\u00e7\u00e3o-de-Guarda-e-Conserva\u00e7\u00e3o-de-Documentos.doc.pdf\"> Declara\u00e7\u00e3o de Guarda e Conserva\u00e7\u00e3o de Documentos <\/a><\/li>\n<li><a href=\"https:\/\/coredepes.faccat.br\/wp-content\/uploads\/2018\/04\/2015_convp_Concilia\u00e7\u00e3o-Banc\u00e1ria.doc.pdf\"> Concilia\u00e7\u00e3o Banc\u00e1ria <\/a><\/li>\n<li><a href=\"https:\/\/coredepes.faccat.br\/wp-content\/uploads\/2018\/04\/2015_convp_Avalia\u00e7\u00e3o-do-Processo-de-C-Popular-2015.pdf\"> Avalia\u00e7\u00e3o do Processo de Consulta Popular 2015 <\/a><\/li>\n<li><a href=\"https:\/\/coredepes.faccat.br\/wp-content\/uploads\/2018\/04\/2015_convp_Anexo_iv.xlsx.pdf\"> Anexo IV <\/a><\/li>\n<li><a href=\"https:\/\/coredepes.faccat.br\/wp-content\/uploads\/2018\/04\/2015_convp_Anexo_v.xlsx.pdf\"> Anexo V <\/a><\/li>\n<li><a href=\"https:\/\/coredepes.faccat.br\/wp-content\/uploads\/2018\/04\/2015_convp_Anexo_vi.pdf\"> Anexo VI <\/a><\/li>\n<li><a href=\"https:\/\/coredepes.faccat.br\/wp-content\/uploads\/2018\/04\/2015_convp_Anexo_vii.pdf\"> Anexo VII <\/a><\/li>\n<li><a href=\"https:\/\/coredepes.faccat.br\/wp-content\/uploads\/2018\/04\/2015_convp_Anexo_viii.pdf\"> Anexo VIII <\/a><\/li>\n<li><a href=\"https:\/\/coredepes.faccat.br\/wp-content\/uploads\/2018\/04\/2015_convp_Anexo_ix.xlsx.pdf\"> Anexo IX <\/a><\/li>\n<li><a href=\"https:\/\/coredepes.faccat.br\/wp-content\/uploads\/2018\/04\/2015_convp_RESULTADO-FINAL-CONSULTA-POPULAR-2015.pdf\"> RESULTADO FINAL CONSULTA POPULAR 2015<\/a><\/li>\n<\/ul>\n<\/div>\n<p><button class=\"accordion\">2014<\/button><\/p>\n<div class=\"panel\">\n<ul>\n<li><a href=\"https:\/\/coredepes.faccat.br\/wp-content\/uploads\/2018\/04\/2014_convp_Relatorio-de-Execu\u00e7\u00e3o-F\u00edsico-Financeira.pdf\">Relatorio de Execu\u00e7\u00e3o F\u00edsico Financeira<\/a><\/li>\n<li><a href=\"https:\/\/coredepes.faccat.br\/wp-content\/uploads\/2018\/04\/2014_convp_Plano-de-Trabalho-Coredepes-2014-Consulta-Popular-1.pdf\">Plano de Trabalho Coredepes 2014<\/a><\/li>\n<li><a href=\"https:\/\/coredepes.faccat.br\/wp-content\/uploads\/2018\/04\/2014_convp_Extrato_2014-julho.pdf\">Extrato_2014 julho<\/a><\/li>\n<li><a href=\"https:\/\/coredepes.faccat.br\/wp-content\/uploads\/2018\/04\/2014_convp_Extrato_2014-junho.pdf\">Extrato_2014 junho<\/a><\/li>\n<li><a href=\"https:\/\/coredepes.faccat.br\/wp-content\/uploads\/2018\/04\/2014_convp_Lista-de-Vota\u00e7\u00e3o.pdf\">Lista de Vota\u00e7\u00e3o<\/a><\/li>\n<li><a href=\"https:\/\/coredepes.faccat.br\/wp-content\/uploads\/2018\/04\/2014_convp_PARANHANA_ENCOSTA_DA_SERRA.pdf\">PARANHANA ENCOSTA DA SERRA<\/a><\/li>\n<li><a href=\"https:\/\/coredepes.faccat.br\/wp-content\/uploads\/2018\/04\/2014_convp_Execucao-da-Receita-e-Despesa-2014.doc.pdf\">Execucao da Receita e Despesa 2014<\/a><\/li>\n<li><a href=\"https:\/\/coredepes.faccat.br\/wp-content\/uploads\/2018\/04\/2014_convp_Extrato_2014-agosto.pdf\">Extrato_2014 agosto<\/a><\/li>\n<li><a href=\"https:\/\/coredepes.faccat.br\/wp-content\/uploads\/2018\/04\/2014_convp_Demonstrativo-do-resultado-das-aplica\u00e7\u00f5es-Financeiras.doc.pdf\">Demonstrativo do resultado das aplica\u00e7\u00f5es Financeiras<\/a><\/li>\n<li><a href=\"https:\/\/coredepes.faccat.br\/wp-content\/uploads\/2018\/04\/2014_convp_Declara\u00e7\u00e3o-de-Guarda-e-Conserva\u00e7\u00e3o-de-Documentos.doc.pdf\">Declara\u00e7\u00e3o de Guarda e Conserva\u00e7\u00e3o de Documentos<\/a><\/li>\n<li><a href=\"https:\/\/coredepes.faccat.br\/wp-content\/uploads\/2018\/04\/2014_convp_Concilia\u00e7\u00e3o-Banc\u00e1ria.doc.pdf\">Concilia\u00e7\u00e3o Banc\u00e1ria<\/a><\/li>\n<li><a href=\"https:\/\/coredepes.faccat.br\/wp-content\/uploads\/2018\/04\/2014_convp_Proposta-Distribui\u00e7\u00e3o-01.pdf\">Proposta distribui\u00e7\u00e3o 01<\/a><\/li>\n<li><a href=\"https:\/\/coredepes.faccat.br\/wp-content\/uploads\/2018\/04\/2014_convp_Proposta-Distribui\u00e7\u00e3o-02.pdf\">Proposta de distribui\u00e7\u00e3o 02<\/a><\/li>\n<li><a href=\"https:\/\/coredepes.faccat.br\/wp-content\/uploads\/2018\/04\/2014_convp_Resultado-CP-2014.pdf\">Resultado CP<\/a><\/li>\n<li><a href=\"https:\/\/coredepes.faccat.br\/wp-content\/uploads\/2018\/04\/2014_convp_URNA-FACCAT.pdf\">Urna Faccat<\/a><\/li>\n<li><a href=\"https:\/\/coredepes.faccat.br\/wp-content\/uploads\/2018\/04\/2014_convp_Vota\u00e7\u00e3o-\u00e1reas-tem\u00e1ticas.pdf\">Vota\u00e7\u00e3o \u00e1reas tem\u00e1ticas<\/a><\/li>\n<li><a href=\"https:\/\/coredepes.faccat.br\/wp-content\/uploads\/2018\/04\/2014_convp_PROJETOS-APROVADOS-NO-F\u00d3RUM-REGIONAL-2014.pdf\">Projetos aprovados no f\u00f3rum<\/a><\/li>\n<li><a href=\"https:\/\/coredepes.faccat.br\/wp-content\/uploads\/2018\/04\/2014_convp_PPPC-CP-2011-a-2014-Bases-Referenciais.pdf\">PPPC-CP<\/a><\/li>\n<li><a href=\"https:\/\/coredepes.faccat.br\/wp-content\/uploads\/2018\/04\/2014_convp_Lista-eleitores.pdf\">Lista eleitores<\/a><\/li>\n<li><a href=\"https:\/\/coredepes.faccat.br\/wp-content\/uploads\/2018\/04\/2014_convp_Localizacao-das-Urnas-por-municipios.pdf\">Localiza\u00e7\u00e3o das urnas por munic\u00edpios<\/a><\/li>\n<li><a href=\"https:\/\/coredepes.faccat.br\/wp-content\/uploads\/2018\/04\/2014_convp_Planilha-Corrigida-SEPLAG.xps\">Planilha SEPLAG<\/a><\/li>\n<li><a href=\"https:\/\/coredepes.faccat.br\/wp-content\/uploads\/2018\/04\/2014_convp_Lista-Ass.pdf\">Lista assinada<\/a><\/li>\n<li><a href=\"https:\/\/coredepes.faccat.br\/wp-content\/uploads\/2018\/04\/2014_convp_Instru\u00e7\u00e3o-sobre-despesas-da-CP-2014.pdf\">Instru\u00e7\u00e3o das despesas da CP<\/a><\/li>\n<li><a href=\"https:\/\/coredepes.faccat.br\/wp-content\/uploads\/2018\/04\/2014_convp_Distrib-valores-ppc-2015.pdf\">Distrivui\u00e7\u00e3o dos valores PPC<\/a><\/li>\n<li><a href=\"https:\/\/coredepes.faccat.br\/wp-content\/uploads\/2018\/04\/2014_convp_distribui\u00e7\u00e3o-c\u00e9dulas.pdf\">Distribui\u00e7\u00e3o das c\u00e9dulas<\/a><\/li>\n<li><a href=\"https:\/\/coredepes.faccat.br\/wp-content\/uploads\/2018\/04\/2014_convp_DIRETRIZES-GERAIS-1.pdf\">Diretrizes gerais<\/a><\/li>\n<li><a href=\"https:\/\/coredepes.faccat.br\/wp-content\/uploads\/2018\/04\/2014_convp_Corede-Paranhana-Encosta-da-Serra-resultados-2014.pdf\">Resultados do conv\u00eanio<\/a><\/li>\n<li><a href=\"https:\/\/coredepes.faccat.br\/wp-content\/uploads\/2018\/04\/2014_convp_Consulta-Popular-Santa-maria-do-herval-Valores-pagos.pdf\">Valores pagos &#8211; Sta. Maria do Herval<\/a><\/li>\n<li><a href=\"https:\/\/coredepes.faccat.br\/wp-content\/uploads\/2018\/04\/2014_convp_Comparativo-de-Votos-2010-2011-2012-2013-2014.pdf\">Comparativo de votos 2010-2014<\/a><\/li>\n<li><a href=\"https:\/\/coredepes.faccat.br\/wp-content\/uploads\/2018\/04\/2014_convp_Cedula-ParanhanaEncostaSerra-2014-consolidada.pdf\">C\u00e9dula consolidada<\/a><\/li>\n<li><a href=\"https:\/\/coredepes.faccat.br\/wp-content\/uploads\/2018\/04\/2014_convp_Cedula-ParanhanaEncostaSerra-2014.pdf\">C\u00e9dula PES 2014<\/a><\/li>\n<li><a href=\"https:\/\/coredepes.faccat.br\/wp-content\/uploads\/2018\/04\/2014_convp_Ata-Diretoria-28-de-maio.pdf\">Ata diretoria<\/a><\/li>\n<li><a href=\"https:\/\/coredepes.faccat.br\/wp-content\/uploads\/2018\/04\/2014_convp_Ata-Comiss\u00e3o-Regional-30-abril.pdf\">Ata comiss\u00e3o regional<\/a><\/li>\n<li><a href=\"https:\/\/coredepes.faccat.br\/wp-content\/uploads\/2018\/04\/2014_convp_Alternativas-distribui\u00e7\u00e3o.pdf\">Alternativas de distribui\u00e7\u00e3o<\/a><\/li>\n<li><a href=\"https:\/\/coredepes.faccat.br\/wp-content\/uploads\/2018\/04\/2014_convp_Assembl\u00e9ias-Municipais.pdf\">Assembl\u00e9ias municipais<\/a><\/li>\n<li><a href=\"https:\/\/coredepes.faccat.br\/wp-content\/uploads\/2018\/04\/2014_convp_Ata-Assembleia-Municipal-Tr\u00eas-Coroas-2014-2015.pdf\">Assembl\u00e9ias municipal &#8211; Tr\u00eas Coroas<\/a><\/li>\n<li><a href=\"https:\/\/coredepes.faccat.br\/wp-content\/uploads\/2018\/04\/2014_convp_Ata-Audi\u00eancia.pdf\">Ata audi\u00eancia<\/a><\/li>\n<\/ul>\n<\/div>\n<p><button class=\"accordion\">2013<\/button><\/p>\n<div class=\"panel\">\n<ul>\n<li><a href=\"https:\/\/coredepes.faccat.br\/wp-content\/uploads\/2018\/04\/2013_convp_-duod\u00e9cimos-e-CP-2013.pdf\">Duod\u00e9cimos<\/a><\/li>\n<li><a href=\"https:\/\/coredepes.faccat.br\/wp-content\/uploads\/2018\/04\/2013_convp_Desp-Alimenta\u00e7\u00e3o-8-de-agosto.pdf\">Despesas Alimenta\u00e7\u00e3o<\/a><\/li>\n<li><a href=\"https:\/\/coredepes.faccat.br\/wp-content\/uploads\/2018\/04\/2013_convp_Desp-Alimenta\u00e7\u00e3o-12-de-agosto.pdf\">Despesas Alimenta\u00e7\u00e3o<\/a><\/li>\n<li><a href=\"https:\/\/coredepes.faccat.br\/wp-content\/uploads\/2018\/04\/2013_convp_Desp-Alimenta\u00e7\u00e3o-9-de-agosto.pdf\">Despesas Alimenta\u00e7\u00e3o<\/a><\/li>\n<li><a href=\"https:\/\/coredepes.faccat.br\/wp-content\/uploads\/2018\/04\/2013_convp_Parecer-Cage.pdf\">Parecer Cage<\/a><\/li>\n<li><a href=\"https:\/\/coredepes.faccat.br\/wp-content\/uploads\/2018\/04\/2013_convp_Plano-de-Trabalho-CP-2013-COREDEPES.pdf\">Plano de Trabalho<\/a><\/li>\n<li><a href=\"https:\/\/coredepes.faccat.br\/wp-content\/uploads\/2018\/04\/2013_convp_Gastos-Corede-Comude-2013.pdf\">Gastos Corede Comude 2013<\/a><\/li>\n<li><a href=\"https:\/\/coredepes.faccat.br\/wp-content\/uploads\/2018\/04\/2013_convp_Folhas_Prestacao.pdf\">Folhas Prestacao de Contas<\/a><\/li>\n<\/ul>\n<\/div>\n<p><button class=\"accordion\">2012<\/button><\/p>\n<div class=\"panel\">\n<ul>\n<li><a href=\"https:\/\/coredepes.faccat.br\/wp-content\/uploads\/2018\/04\/2012_convp_Extrato_20120613.pdf\">Extrato 20120613<\/a><\/li>\n<li><a href=\"https:\/\/coredepes.faccat.br\/wp-content\/uploads\/2018\/04\/2012_convp_Extrato_20120709.pdf\">Extrato 20120709<\/a><\/li>\n<li><a href=\"https:\/\/coredepes.faccat.br\/wp-content\/uploads\/2018\/04\/2012_convp_Execu\u00e7\u00e3o-da-Receita-e-Despesa-CP-2012.pdf\">Execu\u00e7\u00e3o da Receita e Despesa<\/a><\/li>\n<li><a href=\"https:\/\/coredepes.faccat.br\/wp-content\/uploads\/2018\/04\/2012_convp_BOLETOS.pdf\">Boletos<\/a><\/li>\n<li><a href=\"https:\/\/coredepes.faccat.br\/wp-content\/uploads\/2018\/04\/2012_convp_instru\u00e7\u00f5es.pdf\">Instru\u00e7\u00f5es<\/a><\/li>\n<li><a href=\"https:\/\/coredepes.faccat.br\/wp-content\/uploads\/2018\/04\/2012_convp_Declara\u00e7\u00e3o-contador.pdf\">Declara\u00e7\u00e3o contador<\/a><\/li>\n<li><a href=\"https:\/\/coredepes.faccat.br\/wp-content\/uploads\/2018\/04\/2012_convp_Informa\u00e7\u00e3o-Geral-Prest-Contas-2012.pdf\">Informa\u00e7\u00e3o Geral Presta\u00e7\u00e3o de Contas<\/a><\/li>\n<li><a href=\"https:\/\/coredepes.faccat.br\/wp-content\/uploads\/2018\/04\/2012_convp_Oficio-xx-presta\u00e7\u00e3o-contas-cp-2012.pdf\">Oficio 12_12 presta\u00e7\u00e3o contas<\/a><\/li>\n<li><a href=\"https:\/\/coredepes.faccat.br\/wp-content\/uploads\/2018\/04\/2012_convp_Instru\u00e7\u00e3o-sobre-despesas-da-CP-2012.pdf\">Instru\u00e7\u00e3o sobre despesas<\/a><\/li>\n<li><a href=\"https:\/\/coredepes.faccat.br\/wp-content\/uploads\/2018\/04\/2012_convp_Despesas-Alimenta\u00e7\u00e3o-na-apura\u00e7\u00e3o-a.pdf\">Despesas Alimenta\u00e7\u00e3o na apura\u00e7\u00e3o a<\/a><\/li>\n<li><a href=\"https:\/\/coredepes.faccat.br\/wp-content\/uploads\/2018\/04\/2012_convp_Despesas-Alimenta\u00e7\u00e3o-na-apura\u00e7\u00e3o-b.pdf\">Despesas Alimenta\u00e7\u00e3o na apura\u00e7\u00e3o b<\/a><\/li>\n<li><a href=\"https:\/\/coredepes.faccat.br\/wp-content\/uploads\/2018\/04\/2012_convp_parecer-paranhana.pdf\">Parecer paranhana<\/a><\/li>\n<li><a href=\"https:\/\/coredepes.faccat.br\/wp-content\/uploads\/2018\/04\/2012_convp_PLANO-DE-TRABALHO-CP-2012-Paranhana-Encosta-da-Serra.pdf\">Plano de Trabalho CP 2012 Paranhana Encosta da Serra<\/a><\/li>\n<li><a href=\"https:\/\/coredepes.faccat.br\/wp-content\/uploads\/2018\/04\/2012_convp_Rela\u00e7\u00e3o-Pagamento-CP-2012.pdf\">Rela\u00e7\u00e3o Pagamento<\/a><\/li>\n<li><a href=\"https:\/\/coredepes.faccat.br\/wp-content\/uploads\/2018\/04\/2012_convp_Gastos-Corede-Comude-2012.pdf\">Gastos Corede Comude<\/a><\/li>\n<\/ul>\n<\/div>\n<p><button class=\"accordion\">2011<\/button><\/p>\n<div class=\"panel\">\n<ul>\n<li><a href=\"https:\/\/coredepes.faccat.br\/wp-content\/uploads\/2018\/04\/2011_convp_Execu\u00e7\u00e3o-da-Receita-e-Despesa-CP-2011.pdf\">Execu\u00e7\u00e3o da Receita e Despesa<\/a><\/li>\n<li><a href=\"https:\/\/coredepes.faccat.br\/wp-content\/uploads\/2018\/04\/2011_convp_Declara\u00e7\u00e3o-contador.pdf\">Declara\u00e7\u00e3o contador<\/a><\/li>\n<li><a href=\"https:\/\/coredepes.faccat.br\/wp-content\/uploads\/2018\/04\/2011_convp_oficio-15-prest-contas-CP-11.pdf\">Oficio 15 Presta\u00e7\u00e3o Contas<\/a><\/li>\n<li><a href=\"https:\/\/coredepes.faccat.br\/wp-content\/uploads\/2018\/04\/2011_convp_Informa\u00e7\u00e3o-Geral-Prest-Contas-2011.pdf\">Informa\u00e7\u00e3o Geral Presta\u00e7\u00e3o Contas<\/a><\/li>\n<li><a href=\"https:\/\/coredepes.faccat.br\/wp-content\/uploads\/2018\/04\/2011_convp_Despesas-Consulta-a.pdf\">Despesas Consulta<\/a><\/li>\n<li><a href=\"https:\/\/coredepes.faccat.br\/wp-content\/uploads\/2018\/04\/2011_convp_Rela\u00e7\u00e3o-Pagamento-CP-2011.pdf\">Rela\u00e7\u00e3o Pagamento<\/a><\/li>\n<li><a href=\"https:\/\/coredepes.faccat.br\/wp-content\/uploads\/2018\/04\/2011_convp_Gastos-Corede-Comude-2011.pdf\">Gastos Corede Comude<\/a><\/li>\n<\/ul>\n<\/div>\n<p><button class=\"accordion\">2010<\/button><\/p>\n<div class=\"panel\">\n<ul>\n<li><a href=\"https:\/\/coredepes.faccat.br\/wp-content\/uploads\/2018\/04\/2010_convp_Execu\u00e7\u00e3o-da-Receita-e-Despesa.pdf\">Execu\u00e7\u00e3o da Receita e Despesa<\/a><\/li>\n<li><a href=\"https:\/\/coredepes.faccat.br\/wp-content\/uploads\/2018\/04\/2010_convp_demonstrativo-IRPJ.pdf\">Demonstrativo IRPJ<\/a><\/li>\n<li><a href=\"https:\/\/coredepes.faccat.br\/wp-content\/uploads\/2018\/04\/2010_convp_demonstrativo-rendimentos-a.pdf\">Demonstrativo Rendimentos<\/a><\/li>\n<li><a href=\"https:\/\/coredepes.faccat.br\/wp-content\/uploads\/2018\/04\/2010_convp_Planilha-de-Controle-de-Gastos.pdf\">Planilha de Controle de Gastos<\/a><\/li>\n<li><a href=\"https:\/\/coredepes.faccat.br\/wp-content\/uploads\/2018\/04\/2010_convp_demonstrativo-tarifas-a.pdf\">Demonstrativo tarifas<\/a><\/li>\n<li><a href=\"https:\/\/coredepes.faccat.br\/wp-content\/uploads\/2018\/04\/2010_convp_Of\u00edcio-110_099PREST_CONTAS-PPP2008.pdf\">Of\u00edcio 110_09 Presta\u00e7\u00e3o de Contas<\/a><\/li>\n<li><a href=\"https:\/\/coredepes.faccat.br\/wp-content\/uploads\/2018\/04\/2010_convp_DANFE.pdf\">DANFE<\/a><\/li>\n<li><a href=\"https:\/\/coredepes.faccat.br\/wp-content\/uploads\/2018\/04\/2010_convp_RELA\u00c7\u00c3O-DE-PAGAMENTOS-ppp-2009.pdf\">Rela\u00e7\u00e3o de Pagamentos<\/a><\/li>\n<li><a href=\"https:\/\/coredepes.faccat.br\/wp-content\/uploads\/2018\/04\/2010_convp_Of\u00edcio-110_099PREST_CONTAS-PPP.pdf\">Of\u00edcio 110_09 Presta\u00e7\u00e3o de Contas<\/a><\/li>\n<li><a href=\"https:\/\/coredepes.faccat.br\/wp-content\/uploads\/2018\/04\/2010_convp_Anexos-as-Notas-Fiscais-PC-2008.pdf\">Anexos as Notas Fiscais<\/a><\/li>\n<li><a href=\"https:\/\/coredepes.faccat.br\/wp-content\/uploads\/2018\/04\/2010_convp_Refei\u00e7\u00f5es-apura\u00e7\u00e3o.pdf\">Refei\u00e7\u00f5es Apura\u00e7\u00e3o<\/a><\/li>\n<\/ul>\n<\/div>\n<p><button class=\"accordion\">2009<\/button><\/p>\n<div class=\"panel\">\n<ul>\n<li><a href=\"https:\/\/coredepes.faccat.br\/wp-content\/uploads\/2018\/04\/2009_convp_RELA\u00c7\u00c3O-DE-PAGAMENTOS-ppp-2009.pdf\">Rela\u00e7\u00e3o de pagamentos PPP<\/a><\/li>\n<li><a href=\"https:\/\/coredepes.faccat.br\/wp-content\/uploads\/2018\/04\/2009_convp_Refei\u00e7\u00f5es-apura\u00e7\u00e3o.pdf\">Apura\u00e7\u00e3o de refei\u00e7\u00f5es<\/a><\/li>\n<li><a href=\"https:\/\/coredepes.faccat.br\/wp-content\/uploads\/2018\/04\/2009_convp_Execu\u00e7\u00e3o-da-Receita-e-Despesa.pdf\">Execu\u00e7\u00e3o da receita e despesa<\/a><\/li>\n<li><a href=\"https:\/\/coredepes.faccat.br\/wp-content\/uploads\/2018\/04\/2009_convp_demonstrativo-tarifas.pdf\">Demonstrativo tarifas<\/a><\/li>\n<li><a href=\"https:\/\/coredepes.faccat.br\/wp-content\/uploads\/2018\/04\/2009_convp_demonstrativo-IRPJ.pdf\">Demonstrativo IRPJ<\/a><\/li>\n<li><a href=\"https:\/\/coredepes.faccat.br\/wp-content\/uploads\/2018\/04\/2009_convp_demonstrativo-rendimentos.pdf\">Demonstrativo rendimentos<\/a><\/li>\n<\/ul>\n<\/div>\n<p><script type=\"text\/javascript\">\nvar acc = document.getElementsByClassName(\"accordion\");\nvar i;<\/p>\n<p>for (i = 0; i < acc.length; i++) {\n    acc[i].addEventListener(\"click\", function() {\n        \/* Toggle between adding and removing the \"active\" class,\n        to highlight the button that controls the panel *\/\n        this.classList.toggle(\"active\");\n\n        \/* Toggle between hiding and showing the active panel *\/\n        var panel = this.nextElementSibling;\n        if (panel.style.display === \"block\") {\n            panel.style.display = \"none\";\n        } else {\n            panel.style.display = \"block\";\n        }\n    });\n}\n<\/script><\/p>\n","protected":false},"excerpt":{"rendered":"<p>2017 Guia de arrecada\u00e7\u00e3o Parecer CAGE Parecer contador Anexo IV Anexo V Anexo VI Anexo VII Anexo VIII Anexo IX Anexo X Anexo XII Prest. Contas(Inf. Gerais) S\u00famula 7 Termo assinado 2016 N\u00e3o houve conv\u00eanio 2015 Rela\u00e7\u00e3o Pagamentos 2015 Relatorio de Execu\u00e7\u00e3o F\u00edsico Financeira Demonstrativo do resultado das aplica\u00e7\u00f5es Financeiras Execucao da Receita e Despesa [&hellip;]<\/p>\n","protected":false},"author":5,"featured_media":0,"parent":0,"menu_order":0,"comment_status":"closed","ping_status":"closed","template":"templates\/template-full.php","meta":{"_monsterinsights_skip_tracking":false,"_monsterinsights_sitenote_active":false,"_monsterinsights_sitenote_note":"","_monsterinsights_sitenote_category":0,"footnotes":""},"class_list":["post-99","page","type-page","status-publish","hentry","post"],"_links":{"self":[{"href":"https:\/\/coredepes.faccat.br\/index.php\/wp-json\/wp\/v2\/pages\/99","targetHints":{"allow":["GET"]}}],"collection":[{"href":"https:\/\/coredepes.faccat.br\/index.php\/wp-json\/wp\/v2\/pages"}],"about":[{"href":"https:\/\/coredepes.faccat.br\/index.php\/wp-json\/wp\/v2\/types\/page"}],"author":[{"embeddable":true,"href":"https:\/\/coredepes.faccat.br\/index.php\/wp-json\/wp\/v2\/users\/5"}],"replies":[{"embeddable":true,"href":"https:\/\/coredepes.faccat.br\/index.php\/wp-json\/wp\/v2\/comments?post=99"}],"version-history":[{"count":34,"href":"https:\/\/coredepes.faccat.br\/index.php\/wp-json\/wp\/v2\/pages\/99\/revisions"}],"predecessor-version":[{"id":1064,"href":"https:\/\/coredepes.faccat.br\/index.php\/wp-json\/wp\/v2\/pages\/99\/revisions\/1064"}],"wp:attachment":[{"href":"https:\/\/coredepes.faccat.br\/index.php\/wp-json\/wp\/v2\/media?parent=99"}],"curies":[{"name":"wp","href":"https:\/\/api.w.org\/{rel}","templated":true}]}}