{"id":69,"date":"2018-03-16T14:56:32","date_gmt":"2018-03-16T17:56:32","guid":{"rendered":"https:\/\/corede.faccat.br\/?page_id=69"},"modified":"2018-04-18T17:07:35","modified_gmt":"2018-04-18T20:07:35","slug":"plano-estrategico-2015-2030","status":"publish","type":"page","link":"https:\/\/coredepes.faccat.br\/index.php\/plano-estrategico-2015-2030\/","title":{"rendered":"Plano Estrat\u00e9gico de Desenvolvimento da Regi\u00e3o Paranhana Encosta da Serra 2015-2013"},"content":{"rendered":"<p><center><a href=\"https:\/\/www2.faccat.br\/portal\/sites\/default\/files\/Livro%20%E2%80%A2%20Corede%20%E2%80%A2%20Plano%20Estrat%C3%A9gico%20de%20Desenvolvimento%20_0.pdf\" target=\"_blank\" rel=\"noopener\"><strong><u>Clique aqui\u00a0para baixar o livro &#8220;<\/u><\/strong><strong><u>Plano Estrat\u00e9gico de Desenvolvimento da Regi\u00e3o Paranhana Encosta da Serra 2015-2013&#8243;<\/u><\/strong><\/a><\/center><center><\/center><center>Tamb\u00e9m disponibilizamos a vers\u00e3o digital abaixo, basta clicar sobre ela para passar as p\u00e1ginas.<\/center><center><\/center><center><iframe loading=\"lazy\" src=\"https:\/\/www.yumpu.com\/pt\/embed\/view\/8hwOsyAPzKj21469\" width=\"865px\" height=\"854px\" frameborder=\"0\" allowfullscreen=\"allowfullscreen\"><span style=\"display: inline-block; width: 0px; overflow: hidden; line-height: 0;\" data-mce-type=\"bookmark\" class=\"mce_SELRES_start\">\ufeff<\/span><\/iframe><\/center><\/p>\n","protected":false},"excerpt":{"rendered":"<p>Clique aqui\u00a0para baixar o livro &#8220;Plano Estrat\u00e9gico de Desenvolvimento da Regi\u00e3o Paranhana Encosta da Serra 2015-2013&#8243;Tamb\u00e9m disponibilizamos a vers\u00e3o digital abaixo, basta clicar sobre ela para passar as p\u00e1ginas.\ufeff<\/p>\n","protected":false},"author":5,"featured_media":0,"parent":0,"menu_order":0,"comment_status":"closed","ping_status":"closed","template":"templates\/template-full.php","meta":{"_monsterinsights_skip_tracking":false,"_monsterinsights_sitenote_active":false,"_monsterinsights_sitenote_note":"","_monsterinsights_sitenote_category":0,"footnotes":""},"class_list":["post-69","page","type-page","status-publish","hentry","post"],"_links":{"self":[{"href":"https:\/\/coredepes.faccat.br\/index.php\/wp-json\/wp\/v2\/pages\/69","targetHints":{"allow":["GET"]}}],"collection":[{"href":"https:\/\/coredepes.faccat.br\/index.php\/wp-json\/wp\/v2\/pages"}],"about":[{"href":"https:\/\/coredepes.faccat.br\/index.php\/wp-json\/wp\/v2\/types\/page"}],"author":[{"embeddable":true,"href":"https:\/\/coredepes.faccat.br\/index.php\/wp-json\/wp\/v2\/users\/5"}],"replies":[{"embeddable":true,"href":"https:\/\/coredepes.faccat.br\/index.php\/wp-json\/wp\/v2\/comments?post=69"}],"version-history":[{"count":7,"href":"https:\/\/coredepes.faccat.br\/index.php\/wp-json\/wp\/v2\/pages\/69\/revisions"}],"predecessor-version":[{"id":1278,"href":"https:\/\/coredepes.faccat.br\/index.php\/wp-json\/wp\/v2\/pages\/69\/revisions\/1278"}],"wp:attachment":[{"href":"https:\/\/coredepes.faccat.br\/index.php\/wp-json\/wp\/v2\/media?parent=69"}],"curies":[{"name":"wp","href":"https:\/\/api.w.org\/{rel}","templated":true}]}}