{"id":42,"date":"2018-03-16T14:33:36","date_gmt":"2018-03-16T17:33:36","guid":{"rendered":"https:\/\/corede.faccat.br\/?page_id=42"},"modified":"2018-03-16T14:59:05","modified_gmt":"2018-03-16T17:59:05","slug":"area-de-abrangencia","status":"publish","type":"page","link":"https:\/\/coredepes.faccat.br\/index.php\/area-de-abrangencia\/","title":{"rendered":"\u00c1rea de abrang\u00eancia"},"content":{"rendered":"<p>A \u00e1rea de abrang\u00eancia do Corede regional compreende os munic\u00edpios de Taquara, Parob\u00e9, Igrejinha, Tr\u00eas Coroas, Rolante, Riozinho, Lindolfo Collor, Morro Reuter, Presidente Lucena e Santa Maria do Herval.<\/p>\n<p>&nbsp;<\/p>\n<p><img loading=\"lazy\" decoding=\"async\" class=\" wp-image-43 aligncenter\" src=\"https:\/\/corede.faccat.br\/wp-content\/uploads\/2018\/03\/AbrangenciaCorede-300x284.png\" alt=\"\" width=\"645\" height=\"611\" srcset=\"https:\/\/coredepes.faccat.br\/wp-content\/uploads\/2018\/03\/AbrangenciaCorede-300x284.png 300w, https:\/\/coredepes.faccat.br\/wp-content\/uploads\/2018\/03\/AbrangenciaCorede.png 757w\" sizes=\"auto, (max-width: 645px) 100vw, 645px\" \/><\/p>\n<p>&nbsp;<\/p>\n","protected":false},"excerpt":{"rendered":"<p>A \u00e1rea de abrang\u00eancia do Corede regional compreende os munic\u00edpios de Taquara, Parob\u00e9, Igrejinha, Tr\u00eas Coroas, Rolante, Riozinho, Lindolfo Collor, Morro Reuter, Presidente Lucena e Santa Maria do Herval. &nbsp; &nbsp;<\/p>\n","protected":false},"author":5,"featured_media":0,"parent":0,"menu_order":0,"comment_status":"closed","ping_status":"closed","template":"templates\/template-full.php","meta":{"_monsterinsights_skip_tracking":false,"_monsterinsights_sitenote_active":false,"_monsterinsights_sitenote_note":"","_monsterinsights_sitenote_category":0,"footnotes":""},"class_list":["post-42","page","type-page","status-publish","hentry","post"],"_links":{"self":[{"href":"https:\/\/coredepes.faccat.br\/index.php\/wp-json\/wp\/v2\/pages\/42","targetHints":{"allow":["GET"]}}],"collection":[{"href":"https:\/\/coredepes.faccat.br\/index.php\/wp-json\/wp\/v2\/pages"}],"about":[{"href":"https:\/\/coredepes.faccat.br\/index.php\/wp-json\/wp\/v2\/types\/page"}],"author":[{"embeddable":true,"href":"https:\/\/coredepes.faccat.br\/index.php\/wp-json\/wp\/v2\/users\/5"}],"replies":[{"embeddable":true,"href":"https:\/\/coredepes.faccat.br\/index.php\/wp-json\/wp\/v2\/comments?post=42"}],"version-history":[{"count":2,"href":"https:\/\/coredepes.faccat.br\/index.php\/wp-json\/wp\/v2\/pages\/42\/revisions"}],"predecessor-version":[{"id":45,"href":"https:\/\/coredepes.faccat.br\/index.php\/wp-json\/wp\/v2\/pages\/42\/revisions\/45"}],"wp:attachment":[{"href":"https:\/\/coredepes.faccat.br\/index.php\/wp-json\/wp\/v2\/media?parent=42"}],"curies":[{"name":"wp","href":"https:\/\/api.w.org\/{rel}","templated":true}]}}