{"id":40,"date":"2018-03-16T14:02:19","date_gmt":"2018-03-16T17:02:19","guid":{"rendered":"https:\/\/corede.faccat.br\/?page_id=40"},"modified":"2018-03-20T16:15:17","modified_gmt":"2018-03-20T19:15:17","slug":"diretoria","status":"publish","type":"page","link":"https:\/\/coredepes.faccat.br\/index.php\/diretoria\/","title":{"rendered":"Diretoria"},"content":{"rendered":"<h2 style=\"text-align: center;\">Diretoria COREDEPES 2018-2019<\/h2>\n<p><strong>Presidente:<\/strong> Delmar Henrique Backes<\/p>\n<p><strong>Primeiro Vice-Presidente:<\/strong> Geraldo Ant\u00f4nio Both<\/p>\n<p><strong>Segundo Vice Presidente:<\/strong> Ivonei Listkovski<\/p>\n<p><strong>Primeiro Tesoureiro:<\/strong> Jo\u00e3o Nadir Pires<\/p>\n<p><strong>Segundo Tesoureiro:<\/strong> Nelso Mazzurana<\/p>\n<p><strong>Secret\u00e1rio Executivo:<\/strong> Paulo Roberto von Mengden<\/p>\n<p><strong>Secret\u00e1rio Executivo Adjunto:<\/strong> Simone Amaral.<\/p>\n<h4 style=\"text-align: center;\">Conselho Fiscal<\/h4>\n<p><strong>Titulares:<\/strong> Jacinto Iaronka, Leila Bischoff e Juliano Mapelli.<\/p>\n<p><strong>Suplentes:<\/strong> Manoel Teixeira, Sergio Antonio Nikolay e Dorneles Sita Fagundes.<\/p>\n<p>&nbsp;<\/p>\n<hr \/>\n<h2 style=\"text-align: center;\">Diretoria COREDEPES 2016-2017<\/h2>\n<p><strong>Presidente:<\/strong> Delmar Henrique Backes<\/p>\n<p><strong>Primeiro Vice-Presidente:<\/strong> \u00a0Geraldo Antonio Both<\/p>\n<p><strong>Segundo Vice-Presidente:<\/strong> Ad\u00e3o Jorge da Silva<\/p>\n<p><strong>Primeiro Tesoureiro:<\/strong> Jo\u00e3o Pires<\/p>\n<p><strong>Segundo Tesoureiro:<\/strong> Harri Becker<\/p>\n<p><strong>Secret\u00e1rio Executivo:<\/strong> Paulo Roberto von Mengden<\/p>\n<p><strong>Secret\u00e1rio Executivo Adjunto:<\/strong> \u00c9lio Gon\u00e7alves da Silva<\/p>\n<h4 style=\"text-align: center;\">Conselho Fiscal<\/h4>\n<p><strong>Titulares:<\/strong> Romualdo Oliveira , Leila Maria Bischoff , Nelso Mazzurana.<\/p>\n<p><strong>Suplentes:<\/strong> Janier Laborit Silveira Camargo, Sergio Antonio Nikolay e Manoel Nunes Teixeira<\/p>\n<p>&nbsp;<\/p>\n<hr \/>\n<h2 style=\"text-align: center;\">Diretoria COREDEPES 2014-2015<\/h2>\n<p><strong>Presidente:<\/strong> Delmar Henrique Backes<\/p>\n<p><strong>Primeiro Vice-Presidente:<\/strong> Adair Ricardo Bohn<\/p>\n<p><strong>Segundo Vice-Presidente:<\/strong> Rog\u00e9rio Grade<\/p>\n<p><strong>Primeiro Tesoureiro:<\/strong> Jo\u00e3o Pires<\/p>\n<p><strong>Segundo Tesoureiro:<\/strong> Rodrigo Fritzen<\/p>\n<p><strong>Secret\u00e1rio Executivo:<\/strong> Paulo Roberto von Mengden<\/p>\n<p><strong>Secret\u00e1rio Executivo Adjunto:<\/strong> Geraldo Antonio Both<\/p>\n<h4 style=\"text-align: center;\">Conselho Fiscal<\/h4>\n<p><strong>Titulares:<\/strong> Ad\u00e3o Jorge da Silva , \u00a0Nelso Mazzurana e Harri Becker<\/p>\n<p><strong>Suplentes:<\/strong> \u00c9lio Gon\u00e7alves dos Santos, Leila Maria Bischoff e Janier Laborit Silveira Camargo<\/p>\n<p>&nbsp;<\/p>\n<hr \/>\n<h2 style=\"text-align: center;\">Diretoria do COREDEPES 2012\/2013<\/h2>\n<p><strong>Presidente:<\/strong> Delmar Henrique Backes<\/p>\n<p><strong>Primeiro Vice-Presidente:<\/strong> Adair Ricardo Bohn<\/p>\n<p><strong>Segundo Vice-Presidente:<\/strong> Rog\u00e9rio Grade<\/p>\n<p><strong>Primeiro Tesoureiro:<\/strong> Jo\u00e3o Pires<\/p>\n<p><strong>Segundo Tesoureiro:<\/strong> Rodrigo Fritzen<\/p>\n<p><strong>Secret\u00e1rio Executivo:<\/strong> Paulo Roberto von Mengden<\/p>\n<p><strong>Secret\u00e1rio Executivo Adjunto:<\/strong> Geraldo Antonio Both<\/p>\n<h4 style=\"text-align: center;\">Conselho Fiscal<\/h4>\n<p><strong>Titulares:<\/strong> Ad\u00e3o Jorge da Silva, Nelso Mazzurana e Harri Becker<\/p>\n<p><strong>Suplentes:<\/strong> \u00c9lio Gon\u00e7alves dos Santos, Leila Maria Bischoff e Janier Laborit Silveira Camargo<\/p>\n<p>&nbsp;<\/p>\n<hr \/>\n<h2 style=\"text-align: center;\">Diretoria do COREDEPES 2010\/2011<\/h2>\n<p><strong>Presidente:<\/strong> Delmar Henrique Backes<\/p>\n<p><strong>Primeiro Vice-Presidente:<\/strong> Adair Ricardo Bohn<\/p>\n<p><strong>Segundo Vice-Presidente:<\/strong> Delcio Hugentobler<\/p>\n<p><strong>Primeiro Tesoureiro:<\/strong> Rog\u00e9rio Grade<\/p>\n<p><strong>Segundo Tesoureiro:<\/strong> Rodrigo Fritzen<\/p>\n<p><strong>Secret\u00e1rio Executivo:<\/strong> \u00a0Paulo Roberto von Mengden<\/p>\n<p><strong>Secret\u00e1rio Executivo Adjunto:<\/strong> Geraldo Antonio Both<\/p>\n<h4 style=\"text-align: center;\">Conselho Fiscal<\/h4>\n<p><strong>Titulares:<\/strong> Jackson Schmidt , Odirlei Zucolotto e Jacinto Iaronka<\/p>\n<p><strong>Suplentes:<\/strong> Ad\u00e3o Jorge da Silva, Nelso Mazzurana e Jo\u00e3o Pires<\/p>\n<p>&nbsp;<\/p>\n<hr \/>\n<h2 style=\"text-align: center;\">Diretoria do COREDEPES 2008\/2009<\/h2>\n<p><strong>Presidente:<\/strong> Delmar Henrique Backes<\/p>\n<p><strong>Primeiro Vice-Presidente:<\/strong> Adair Ricardo Bohn<\/p>\n<p><strong>Segundo Vice-Presidente:<\/strong> Delcio Hugentobler<\/p>\n<p><strong>Primeiro Tesoureiro:<\/strong> Rog\u00e9rio Grade<\/p>\n<p><strong>Segundo Tesoureiro:<\/strong> Rodrigo Fritzen<\/p>\n<p><strong>Secret\u00e1rio Executivo:<\/strong> \u00a0Paulo Roberto von Mengden<\/p>\n<p><strong>Secret\u00e1rio Executivo Adjunto:<\/strong> Geraldo Antonio Both<\/p>\n<h4 style=\"text-align: center;\">Conselho Fiscal<\/h4>\n<p><strong>Titulares:<\/strong> Jackson Schmidt , Odirlei Zucolotto e Jacinto Iaronka<\/p>\n<p><strong>Suplentes:<\/strong> Ad\u00e3o Jorge da Silva, Nelso Mazzurana e Jo\u00e3o Pires<\/p>\n<p>&nbsp;<\/p>\n","protected":false},"excerpt":{"rendered":"<p>Diretoria COREDEPES 2018-2019 Presidente: Delmar Henrique Backes Primeiro Vice-Presidente: Geraldo Ant\u00f4nio Both Segundo Vice Presidente: Ivonei Listkovski Primeiro Tesoureiro: Jo\u00e3o Nadir Pires Segundo Tesoureiro: Nelso Mazzurana Secret\u00e1rio Executivo: Paulo Roberto von Mengden Secret\u00e1rio Executivo Adjunto: Simone Amaral. Conselho Fiscal Titulares: Jacinto Iaronka, Leila Bischoff e Juliano Mapelli. Suplentes: Manoel Teixeira, Sergio Antonio Nikolay e Dorneles [&hellip;]<\/p>\n","protected":false},"author":5,"featured_media":0,"parent":0,"menu_order":0,"comment_status":"closed","ping_status":"closed","template":"templates\/template-full.php","meta":{"_monsterinsights_skip_tracking":false,"_monsterinsights_sitenote_active":false,"_monsterinsights_sitenote_note":"","_monsterinsights_sitenote_category":0,"footnotes":""},"class_list":["post-40","page","type-page","status-publish","hentry","post"],"_links":{"self":[{"href":"https:\/\/coredepes.faccat.br\/index.php\/wp-json\/wp\/v2\/pages\/40","targetHints":{"allow":["GET"]}}],"collection":[{"href":"https:\/\/coredepes.faccat.br\/index.php\/wp-json\/wp\/v2\/pages"}],"about":[{"href":"https:\/\/coredepes.faccat.br\/index.php\/wp-json\/wp\/v2\/types\/page"}],"author":[{"embeddable":true,"href":"https:\/\/coredepes.faccat.br\/index.php\/wp-json\/wp\/v2\/users\/5"}],"replies":[{"embeddable":true,"href":"https:\/\/coredepes.faccat.br\/index.php\/wp-json\/wp\/v2\/comments?post=40"}],"version-history":[{"count":6,"href":"https:\/\/coredepes.faccat.br\/index.php\/wp-json\/wp\/v2\/pages\/40\/revisions"}],"predecessor-version":[{"id":91,"href":"https:\/\/coredepes.faccat.br\/index.php\/wp-json\/wp\/v2\/pages\/40\/revisions\/91"}],"wp:attachment":[{"href":"https:\/\/coredepes.faccat.br\/index.php\/wp-json\/wp\/v2\/media?parent=40"}],"curies":[{"name":"wp","href":"https:\/\/api.w.org\/{rel}","templated":true}]}}