{"id":30,"date":"2018-03-15T20:41:21","date_gmt":"2018-03-15T23:41:21","guid":{"rendered":"https:\/\/corede.faccat.br\/?page_id=30"},"modified":"2018-04-18T17:09:54","modified_gmt":"2018-04-18T20:09:54","slug":"home-page","status":"publish","type":"page","link":"https:\/\/coredepes.faccat.br\/","title":{"rendered":"Home Page"},"content":{"rendered":"<div id=\"pl-30\"  class=\"panel-layout\" ><div id=\"pg-30-0\"  class=\"panel-grid panel-has-style\" ><div class=\"wide-grey panel-row-style panel-row-style-for-30-0\" ><div id=\"pgc-30-0-0\"  class=\"panel-grid-cell\" ><div id=\"panel-30-0-0-0\" class=\"so-panel widget widget_text panel-first-child panel-last-child\" data-index=\"0\" ><h3 class=\"widget-title\">Vis\u00e3o<\/h3>\t\t\t<div class=\"textwidget\"><p>Tornar-se uma regi\u00e3o de refer\u00eancia em desenvolvimento sustent\u00e1vel, com base na educa\u00e7\u00e3o e na ci\u00eancia, fomentadora da participa\u00e7\u00e3o cidad\u00e3 nos processos decis\u00f3rios regionais e na articula\u00e7\u00e3o operacional dos setores p\u00fablico e privado.<\/p>\n<\/div>\n\t\t<\/div><\/div><div id=\"pgc-30-0-1\"  class=\"panel-grid-cell\" ><div id=\"panel-30-0-1-0\" class=\"so-panel widget widget_text panel-first-child panel-last-child\" data-index=\"1\" ><h3 class=\"widget-title\">Miss\u00e3o<\/h3>\t\t\t<div class=\"textwidget\"><p>Promover o desenvolvimento regional com crescimento econ\u00f4mico, justi\u00e7a social e preserva\u00e7\u00e3o ambiental, mediante a forma\u00e7\u00e3o e capacita\u00e7\u00e3o do cidad\u00e3o, desenvolvendo processos de governan\u00e7a regional e a articula\u00e7\u00e3o dos setores p\u00fablico e privado.<\/p>\n<\/div>\n\t\t<\/div><\/div><\/div><\/div><div id=\"pg-30-1\"  class=\"panel-grid panel-no-style\" ><div id=\"pgc-30-1-0\"  class=\"panel-grid-cell\" ><div id=\"panel-30-1-0-0\" class=\"so-panel widget widget_text panel-first-child panel-last-child\" data-index=\"2\" >\t\t\t<div class=\"textwidget\"><p><strong>Conselho Regional de Desenvolvimento Paranhana Encosta da Serra \u2013 Por qu\u00ea?<\/strong><\/p>\n<p>&nbsp;<\/p>\n<p>Os Conselhos Regionais de Desenvolvimento foram criados pelo Governo do Estado unindo o trabalho volunt\u00e1rio de cidad\u00e3os e de entidades preocupados em definir as identidades de cada regi\u00e3o e refor\u00e7ar sua presen\u00e7a social.<\/p>\n<p>Estes Conselhos (COREDEs) foram criados por iniciativa do Governo do Estado com a finalidade de constitu\u00edrem-se em canais de comunica\u00e7\u00e3o entre os segmentos organizados da sociedade das regi\u00f5es \u2013 e deles com a Administra\u00e7\u00e3o Estadual \u2013 para possibilitar a participa\u00e7\u00e3o da comunidade na formula\u00e7\u00e3o e na implementa\u00e7\u00e3o de iniciativas de promo\u00e7\u00e3o do desenvolvimento regional.<\/p>\n<p>Os Conselhos Regionais de Desenvolvimento, COREDES, desde a sua concep\u00e7\u00e3o tem como princ\u00edpio fundamental de a\u00e7\u00e3o e atua\u00e7\u00e3o, a busca do desenvolvimento harm\u00f4nico e sustent\u00e1vel, procurando a diminui\u00e7\u00e3o das desigualdades regionais e a amplia\u00e7\u00e3o da participa\u00e7\u00e3o popular na defini\u00e7\u00e3o das pol\u00edticas p\u00fablicas.<\/p>\n<p>O principal inspirador da cria\u00e7\u00e3o do Corede Paranhana Encosta da Serra foi o Professor Delmar Henrique Backes, Diretor Geral das Faculdades Integradas de Taquara \u2013 FACCAT, que entendia a necessidade da regi\u00e3o em adquirir uma visibilidade pol\u00edtico institucional que lhe permitisse o desenvolvimento. O Vale do Paranhana era muito dependente do Vale dos Sinos, tornando os munic\u00edpios da regi\u00e3o verdadeiramente esquecidos na defini\u00e7\u00e3o das pol\u00edticas p\u00fablicas. Outro obst\u00e1culo era o pequeno n\u00famero de munic\u00edpios da regi\u00e3o, apenas seis, o que n\u00e3o viabilizava a cria\u00e7\u00e3o de um Conselho pr\u00f3prio. Por isto os munic\u00edpios rec\u00e9m emancipados da Encosta da Serra foram convidados a participarem desta identifica\u00e7\u00e3o regional, o que foi poss\u00edvel pela semelhan\u00e7a de vida econ\u00f4mica, social e cultural.<\/p>\n<p>Com a cria\u00e7\u00e3o do COREDE o Paranhana e a Encosta da Serra entraram no mapa do estado, adquirindo nome pr\u00f3prio. Em reconhecimento regional, o Prof. Delmar Henrique Backes tem sido sucessivamente conduzido \u00e1 Presid\u00eancia do Corede, desde a sua instala\u00e7\u00e3o.<\/p>\n<p><a href=\"https:\/\/coredepes.faccat.br\/index.php\/acoes\/\">Saiba mais sobre as a\u00e7\u00f5es do COREDE Paranhana e a Encosta da Serra.<\/a><\/p>\n<\/div>\n\t\t<\/div><\/div><\/div><div id=\"pg-30-2\"  class=\"panel-grid panel-no-style\" ><div id=\"pgc-30-2-0\"  class=\"panel-grid-cell\" ><div id=\"panel-30-2-0-0\" class=\"so-panel widget widget_text panel-first-child panel-last-child\" data-index=\"3\" >\t\t\t<div class=\"textwidget\"><p><center><br \/>\nAv. Oscar Martins Rangel, 4500 (ERS 115)<br \/>\nCEP 95612-150 &#8211; Taquara\/RS<\/p>\n<p><strong>E-mail:<\/strong> coredepes@faccat.br<br \/>\n<strong>Telefone:<\/strong> (51) 3541-6600<\/p>\n<p><\/center><\/p>\n<\/div>\n\t\t<\/div><\/div><\/div><\/div>","protected":false},"excerpt":{"rendered":"<p>Tornar-se uma regi\u00e3o de refer\u00eancia em desenvolvimento sustent\u00e1vel, com base na educa\u00e7\u00e3o e na ci\u00eancia, fomentadora da participa\u00e7\u00e3o cidad\u00e3 nos processos decis\u00f3rios regionais e na articula\u00e7\u00e3o operacional dos setores p\u00fablico e privado. Promover o desenvolvimento regional com crescimento econ\u00f4mico, justi\u00e7a social e preserva\u00e7\u00e3o ambiental, mediante a forma\u00e7\u00e3o e capacita\u00e7\u00e3o do cidad\u00e3o, desenvolvendo processos de governan\u00e7a [&hellip;]<\/p>\n","protected":false},"author":5,"featured_media":0,"parent":0,"menu_order":0,"comment_status":"closed","ping_status":"closed","template":"home-panels.php","meta":{"_monsterinsights_skip_tracking":false,"_monsterinsights_sitenote_active":false,"_monsterinsights_sitenote_note":"","_monsterinsights_sitenote_category":0,"footnotes":""},"class_list":["post-30","page","type-page","status-publish","hentry","post"],"_links":{"self":[{"href":"https:\/\/coredepes.faccat.br\/index.php\/wp-json\/wp\/v2\/pages\/30","targetHints":{"allow":["GET"]}}],"collection":[{"href":"https:\/\/coredepes.faccat.br\/index.php\/wp-json\/wp\/v2\/pages"}],"about":[{"href":"https:\/\/coredepes.faccat.br\/index.php\/wp-json\/wp\/v2\/types\/page"}],"author":[{"embeddable":true,"href":"https:\/\/coredepes.faccat.br\/index.php\/wp-json\/wp\/v2\/users\/5"}],"replies":[{"embeddable":true,"href":"https:\/\/coredepes.faccat.br\/index.php\/wp-json\/wp\/v2\/comments?post=30"}],"version-history":[{"count":19,"href":"https:\/\/coredepes.faccat.br\/index.php\/wp-json\/wp\/v2\/pages\/30\/revisions"}],"predecessor-version":[{"id":1281,"href":"https:\/\/coredepes.faccat.br\/index.php\/wp-json\/wp\/v2\/pages\/30\/revisions\/1281"}],"wp:attachment":[{"href":"https:\/\/coredepes.faccat.br\/index.php\/wp-json\/wp\/v2\/media?parent=30"}],"curies":[{"name":"wp","href":"https:\/\/api.w.org\/{rel}","templated":true}]}}