{"id":1195,"date":"2018-04-17T18:00:34","date_gmt":"2018-04-17T21:00:34","guid":{"rendered":"https:\/\/coredepes.faccat.br\/?page_id=1195"},"modified":"2018-06-13T17:29:30","modified_gmt":"2018-06-13T20:29:30","slug":"documentos-diversos","status":"publish","type":"page","link":"https:\/\/coredepes.faccat.br\/index.php\/documentos-diversos\/","title":{"rendered":"Documentos Diversos"},"content":{"rendered":"<div id=\"pl-1195\"  class=\"panel-layout\" ><div id=\"pg-1195-0\"  class=\"panel-grid panel-no-style\" ><div id=\"pgc-1195-0-0\"  class=\"panel-grid-cell\" ><div id=\"panel-1195-0-0-0\" class=\"so-panel widget widget_siteorigin-panels-builder panel-first-child panel-last-child\" data-index=\"0\" ><div id=\"pl-w5b217eaaa367d\"  class=\"panel-layout\" ><div id=\"pg-w5b217eaaa367d-0\"  class=\"panel-grid panel-no-style\" ><div id=\"pgc-w5b217eaaa367d-0-0\"  class=\"panel-grid-cell\" ><div id=\"panel-w5b217eaaa367d-0-0-0\" class=\"widget_text so-panel widget widget_custom_html panel-first-child panel-last-child\" data-index=\"0\" ><div class=\"textwidget custom-html-widget\"><h3>\n\tRefer\u00eancia 2018\n<\/h3><\/div><\/div><\/div><\/div><div id=\"pg-w5b217eaaa367d-1\"  class=\"panel-grid panel-no-style\" ><div id=\"pgc-w5b217eaaa367d-1-0\"  class=\"panel-grid-cell\" ><div id=\"panel-w5b217eaaa367d-1-0-0\" class=\"widget_text so-panel widget widget_custom_html panel-first-child panel-last-child\" data-index=\"1\" ><div class=\"textwidget custom-html-widget\"><ul>\n\t<li><a href=\"https:\/\/coredepes.faccat.br\/wp-content\/uploads\/2018\/04\/Docs_2018_Ata-01-2018-Diretoria-10-abril.pdf\"> Ata Diretoria 01 (10 de abril) <\/a><\/li>\n  <li><a href=\"https:\/\/coredepes.faccat.br\/wp-content\/uploads\/2018\/04\/Docs_2018_Ata-01-2018-Assembleia-Geral-10-abril.pdf\"> Ata Assembleia Geral 01 (10 de abril) <\/a><\/li>\n\t<li><a href=\"https:\/\/coredepes.faccat.br\/wp-content\/uploads\/2018\/06\/Assembl\u00e9ia-15-de-maio.pdf\"> Ata Assembleia Geral 02(15 de maio) <\/a><\/li>\n\t<li><a href=\"https:\/\/coredepes.faccat.br\/wp-content\/uploads\/2018\/06\/Diretoria-15-de-maio.pdf\"> Ata Diretoria 02 (15 de maio) <\/a><\/li>\n<\/ul><\/div><\/div><\/div><div id=\"pgc-w5b217eaaa367d-1-1\"  class=\"panel-grid-cell\" ><div id=\"panel-w5b217eaaa367d-1-1-0\" class=\"widget_text so-panel widget widget_custom_html panel-first-child panel-last-child\" data-index=\"2\" ><div class=\"textwidget custom-html-widget\"><\/div><\/div><\/div><\/div><\/div><\/div><\/div><\/div><div id=\"pg-1195-1\"  class=\"panel-grid panel-no-style\" ><div id=\"pgc-1195-1-0\"  class=\"panel-grid-cell\" ><div id=\"panel-1195-1-0-0\" class=\"so-panel widget widget_siteorigin-panels-builder panel-first-child panel-last-child\" data-index=\"1\" ><div id=\"pl-w5ad6757024258\"  class=\"panel-layout\" ><div id=\"pg-w5ad6757024258-0\"  class=\"panel-grid panel-no-style\" ><div id=\"pgc-w5ad6757024258-0-0\"  class=\"panel-grid-cell\" ><div id=\"panel-w5ad6757024258-0-0-0\" class=\"widget_text so-panel widget widget_custom_html panel-first-child panel-last-child\" data-index=\"0\" ><div class=\"textwidget custom-html-widget\"><h3>\n\tRefer\u00eancia 2017\n<\/h3><\/div><\/div><\/div><\/div><div id=\"pg-w5ad6757024258-1\"  class=\"panel-grid panel-no-style\" ><div id=\"pgc-w5ad6757024258-1-0\"  class=\"panel-grid-cell\" ><div id=\"panel-w5ad6757024258-1-0-0\" class=\"widget_text so-panel widget widget_custom_html panel-first-child panel-last-child\" data-index=\"1\" ><div class=\"textwidget custom-html-widget\"><ul>\n\t<li><a href=\"https:\/\/coredepes.faccat.br\/wp-content\/uploads\/2018\/04\/Docs_2017_Ata-1-2017-A-Geral-27-junho-2017.pdf\"> Ata Assembleia Geral 01 (27 de junho) <\/a><\/li>\n\t<li><a href=\"https:\/\/coredepes.faccat.br\/wp-content\/uploads\/2018\/04\/Docs_2017_Ata-02-2017-Assembleia-Geral-11-dez.pdf\"> Ata Assembleia Geral 02 (11 de dezembro) <\/a><\/li>\n\t<li><a href=\"https:\/\/coredepes.faccat.br\/wp-content\/uploads\/2018\/04\/Docs_2017_Ata-Assembleia-Regional-14-de-julho.pdf\"> Ata Assembleia Regional 01 (14 de julho) <\/a><\/li>\n<\/ul><\/div><\/div><\/div><div id=\"pgc-w5ad6757024258-1-1\"  class=\"panel-grid-cell\" ><div id=\"panel-w5ad6757024258-1-1-0\" class=\"widget_text so-panel widget widget_custom_html panel-first-child panel-last-child\" data-index=\"2\" ><div class=\"textwidget custom-html-widget\"><ul>\n\t<li><a href=\"https:\/\/coredepes.faccat.br\/wp-content\/uploads\/2018\/04\/Docs_2017_Relatorio-de-Atividades-2017.pdf\"> Relatorio de Atividades <\/a><\/li>\n<\/ul><\/div><\/div><\/div><\/div><\/div><\/div><\/div><\/div><div id=\"pg-1195-2\"  class=\"panel-grid panel-no-style\" ><div id=\"pgc-1195-2-0\"  class=\"panel-grid-cell\" ><div id=\"panel-1195-2-0-0\" class=\"so-panel widget widget_siteorigin-panels-builder panel-first-child panel-last-child\" data-index=\"2\" ><div id=\"pl-w5ad7a78aab88e\"  class=\"panel-layout\" ><div id=\"pg-w5ad7a78aab88e-0\"  class=\"panel-grid panel-no-style\" ><div id=\"pgc-w5ad7a78aab88e-0-0\"  class=\"panel-grid-cell\" ><div id=\"panel-w5ad7a78aab88e-0-0-0\" class=\"widget_text so-panel widget widget_custom_html panel-first-child panel-last-child\" data-index=\"0\" ><div class=\"textwidget custom-html-widget\"><h3>\n\tRefer\u00eancia 2016\n<\/h3><\/div><\/div><\/div><\/div><div id=\"pg-w5ad7a78aab88e-1\"  class=\"panel-grid panel-no-style\" ><div id=\"pgc-w5ad7a78aab88e-1-0\"  class=\"panel-grid-cell\" ><div id=\"panel-w5ad7a78aab88e-1-0-0\" class=\"widget_text so-panel widget widget_custom_html panel-first-child panel-last-child\" data-index=\"1\" ><div class=\"textwidget custom-html-widget\"><ul>\n\t<li><a href=\"https:\/\/coredepes.faccat.br\/wp-content\/uploads\/2018\/04\/Docs_2016_Ata-Diretoria-28-janeiro-2016.pdf\"> Ata Diretoria 01 (28 de janeiro) <\/a><\/li>\n  <li><a href=\"https:\/\/coredepes.faccat.br\/wp-content\/uploads\/2018\/04\/Docs_2016_Ata-Assembleia-Geral-10-junho-16.pdf\"> Ata Assembleia Geral 01 (10 de junho) <\/a><\/li>\n\t<li><a href=\"https:\/\/coredepes.faccat.br\/wp-content\/uploads\/2018\/04\/docs_2016_Ata-2016-A-Geral-16-maio-2016.pdf\"> Ata Elei\u00e7\u00e3o Diretoria <\/a><\/li>\n\t\n<\/ul><\/div><\/div><\/div><div id=\"pgc-w5ad7a78aab88e-1-1\"  class=\"panel-grid-cell\" ><div id=\"panel-w5ad7a78aab88e-1-1-0\" class=\"widget_text so-panel widget widget_custom_html panel-first-child panel-last-child\" data-index=\"2\" ><div class=\"textwidget custom-html-widget\"><ul>\n\t<li><a href=\"https:\/\/coredepes.faccat.br\/wp-content\/uploads\/2018\/04\/Docs_2016_Relatorio-de-Atividades-2016.pdf\"> Relatorio de Atividades <\/a><\/li>\n<\/ul><\/div><\/div><\/div><\/div><\/div><\/div><\/div><\/div><div id=\"pg-1195-3\"  class=\"panel-grid panel-no-style\" ><div id=\"pgc-1195-3-0\"  class=\"panel-grid-cell\" ><div id=\"panel-1195-3-0-0\" class=\"so-panel widget widget_siteorigin-panels-builder panel-first-child panel-last-child\" data-index=\"3\" ><div id=\"pl-w5ad67570243ce\"  class=\"panel-layout\" ><div id=\"pg-w5ad67570243ce-0\"  class=\"panel-grid panel-no-style\" ><div id=\"pgc-w5ad67570243ce-0-0\"  class=\"panel-grid-cell\" ><div id=\"panel-w5ad67570243ce-0-0-0\" class=\"widget_text so-panel widget widget_custom_html panel-first-child panel-last-child\" data-index=\"0\" ><div class=\"textwidget custom-html-widget\"><h3>\n\tRefer\u00eancia 2015\n<\/h3><\/div><\/div><\/div><\/div><div id=\"pg-w5ad67570243ce-1\"  class=\"panel-grid panel-no-style\" ><div id=\"pgc-w5ad67570243ce-1-0\"  class=\"panel-grid-cell\" ><div id=\"panel-w5ad67570243ce-1-0-0\" class=\"widget_text so-panel widget widget_custom_html panel-first-child panel-last-child\" data-index=\"1\" ><div class=\"textwidget custom-html-widget\"><ul>\n\t<li><a href=\"https:\/\/coredepes.faccat.br\/wp-content\/uploads\/2018\/04\/Docs_2015_Ata-Diretoria-07-janeiro-2015.doc.pdf\"> Ata Diretoria 01 (07 de janeiro) <\/a><\/li>\n  <li><a href=\"https:\/\/coredepes.faccat.br\/wp-content\/uploads\/2018\/04\/Docs_2015_Ata-Diretoria-06-abril-2015.doc.pdf\"> Ata Diretoria 02 (06 de abril) <\/a><\/li>\n  <li><a href=\"https:\/\/coredepes.faccat.br\/wp-content\/uploads\/2018\/04\/Docs_2015_Ata-Diretoria-23-novembro-2015.pdf\"> Ata Diretoria 03 (23 de novembro) <\/a><\/li>\n  <li><a href=\"https:\/\/coredepes.faccat.br\/wp-content\/uploads\/2018\/04\/Docs_2015_Ata-assembleia-geral-10-junho.pdf\"> Ata Assembleia Geral 01 (10 de junho) <\/a><\/li>\n<\/ul><\/div><\/div><\/div><div id=\"pgc-w5ad67570243ce-1-1\"  class=\"panel-grid-cell\" ><div id=\"panel-w5ad67570243ce-1-1-0\" class=\"widget_text so-panel widget widget_custom_html panel-first-child panel-last-child\" data-index=\"2\" ><div class=\"textwidget custom-html-widget\"><ul>\n\t<li><a href=\"https:\/\/coredepes.faccat.br\/wp-content\/uploads\/2018\/04\/Docs_2015_Relatorio-de-Atividades-2015.pdf\"> Relat\u00f3rio de Atividades <\/a><\/li>\n<\/ul><\/div><\/div><\/div><\/div><\/div><\/div><\/div><\/div><div id=\"pg-1195-4\"  class=\"panel-grid panel-no-style\" ><div id=\"pgc-1195-4-0\"  class=\"panel-grid-cell\" ><div id=\"panel-1195-4-0-0\" class=\"so-panel widget widget_siteorigin-panels-builder panel-first-child panel-last-child\" data-index=\"4\" ><div id=\"pl-w5ad7a084092af\"  class=\"panel-layout\" ><div id=\"pg-w5ad7a084092af-0\"  class=\"panel-grid panel-no-style\" ><div id=\"pgc-w5ad7a084092af-0-0\"  class=\"panel-grid-cell\" ><div id=\"panel-w5ad7a084092af-0-0-0\" class=\"widget_text so-panel widget widget_custom_html panel-first-child panel-last-child\" data-index=\"0\" ><div class=\"textwidget custom-html-widget\"><h3>\n\tRefer\u00eancia 2014\n<\/h3><\/div><\/div><\/div><\/div><div id=\"pg-w5ad7a084092af-1\"  class=\"panel-grid panel-no-style\" ><div id=\"pgc-w5ad7a084092af-1-0\"  class=\"panel-grid-cell\" ><div id=\"panel-w5ad7a084092af-1-0-0\" class=\"widget_text so-panel widget widget_custom_html panel-first-child panel-last-child\" data-index=\"1\" ><div class=\"textwidget custom-html-widget\"><ul>\n\t\n<li><a href=\"https:\/\/coredepes.faccat.br\/wp-content\/uploads\/2018\/04\/Docs_2014_ATA-Reuni\u00e3o-Diretoria-26-mar\u00e7o.doc.pdf\"> Ata Diretoria (26 de mar\u00e7o) <\/a><\/li>\n<li><a href=\"https:\/\/coredepes.faccat.br\/wp-content\/uploads\/2018\/04\/Docs_2014_Ata-Diretoria-COMUDES-02-de-agosto-2013.doc.pdf\"> Ata Diretoria COMUDES (02 de agosto) <\/a><\/li>\n<li><a href=\"https:\/\/coredepes.faccat.br\/wp-content\/uploads\/2018\/04\/Docs_2014_Ata-Diretoria-15-de-abril-2013.doc.pdf\"> Ata Diretoria (15 de abril) <\/a><\/li>\n<li><a href=\"https:\/\/coredepes.faccat.br\/wp-content\/uploads\/2018\/04\/Docs_2014_Ata-Diretoria-02-de-agosto-2013.doc.pdf\"> Ata Diretoria (02 de agosto) <\/a><\/li>\n<li><a href=\"https:\/\/coredepes.faccat.br\/wp-content\/uploads\/2018\/04\/Docs_2014_Ata-1-2014-A-Geral-24-mar\u00e7o-2014-para-Cart\u00f3rio.docx.pdf\"> Ata Assembl\u00e9ia Geral 01 (24 de mar\u00e7o) <\/a><\/li>\n<\/ul><\/div><\/div><\/div><div id=\"pgc-w5ad7a084092af-1-1\"  class=\"panel-grid-cell\" ><div id=\"panel-w5ad7a084092af-1-1-0\" class=\"widget_text so-panel widget widget_custom_html panel-first-child panel-last-child\" data-index=\"2\" ><div class=\"textwidget custom-html-widget\"><ul>\n\t<li><a href=\"https:\/\/coredepes.faccat.br\/wp-content\/uploads\/2018\/04\/Docs_2014_Relatorio-de-Atividades-2014.pdf\"> Relatorio de Atividades <\/a><\/li>\n\t<li><a href=\"https:\/\/coredepes.faccat.br\/wp-content\/uploads\/2018\/04\/Docs_2014_Carta-aos-Comudes-CP-2014.pdf\"> Carta aos Comudes - CP 2014 <\/a><\/li>\n<\/ul><\/div><\/div><\/div><\/div><\/div><\/div><\/div><\/div><div id=\"pg-1195-5\"  class=\"panel-grid panel-no-style\" ><div id=\"pgc-1195-5-0\"  class=\"panel-grid-cell\" ><div id=\"panel-1195-5-0-0\" class=\"so-panel widget widget_siteorigin-panels-builder panel-first-child panel-last-child\" data-index=\"5\" ><div id=\"pl-w5ad7a806051f0\"  class=\"panel-layout\" ><div id=\"pg-w5ad7a806051f0-0\"  class=\"panel-grid panel-no-style\" ><div id=\"pgc-w5ad7a806051f0-0-0\"  class=\"panel-grid-cell\" ><div id=\"panel-w5ad7a806051f0-0-0-0\" class=\"widget_text so-panel widget widget_custom_html panel-first-child panel-last-child\" data-index=\"0\" ><div class=\"textwidget custom-html-widget\"><h3>\n\tRefer\u00eancia 2013\n<\/h3><\/div><\/div><\/div><\/div><div id=\"pg-w5ad7a806051f0-1\"  class=\"panel-grid panel-no-style\" ><div id=\"pgc-w5ad7a806051f0-1-0\"  class=\"panel-grid-cell\" ><div id=\"panel-w5ad7a806051f0-1-0-0\" class=\"widget_text so-panel widget widget_custom_html panel-first-child panel-last-child\" data-index=\"1\" ><div class=\"textwidget custom-html-widget\"><ul>\n<li><a href=\"https:\/\/coredepes.faccat.br\/wp-content\/uploads\/2018\/04\/Docs_2013_Reuni\u00e3o-Diretoria-com-Comudes-15-abril.doc.pdf\"> Ata Diretoria com Comudes (15 de abril) <\/a><\/li>\n<li><a href=\"https:\/\/coredepes.faccat.br\/wp-content\/uploads\/2018\/04\/Docs_2013_Ata-Diretoria-15-de-abril-2013.doc.pdf\"> Ata Diretoria (15 de abril) <\/a><\/li>\n<li><a href=\"https:\/\/coredepes.faccat.br\/wp-content\/uploads\/2018\/04\/Docs_2013_Ata-Diretoria-COMUDES-02-de-agosto-2013.doc.pdf\"> Ata Diretoria COMUDES (02 de agosto) <\/a><\/li>\n<li><a href=\"https:\/\/coredepes.faccat.br\/wp-content\/uploads\/2018\/04\/Docs_2013_Ata-Diretoria-02-de-agosto-2013.doc.pdf\"> Ata Diretoria (02 de agosto) <\/a><\/li>\n<\/ul><\/div><\/div><\/div><div id=\"pgc-w5ad7a806051f0-1-1\"  class=\"panel-grid-cell\" ><div id=\"panel-w5ad7a806051f0-1-1-0\" class=\"widget_text so-panel widget widget_custom_html panel-first-child panel-last-child\" data-index=\"2\" ><div class=\"textwidget custom-html-widget\"><ul>\n\t<li><a href=\"https:\/\/coredepes.faccat.br\/wp-content\/uploads\/2018\/04\/Docs_2013_Relatorio-de-Atividades-2013.pdf\"> Relatorio de Atividades <\/a><\/li>\n<\/ul><\/div><\/div><\/div><\/div><\/div><\/div><\/div><\/div><div id=\"pg-1195-6\"  class=\"panel-grid panel-no-style\" ><div id=\"pgc-1195-6-0\"  class=\"panel-grid-cell\" ><div id=\"panel-1195-6-0-0\" class=\"so-panel widget widget_siteorigin-panels-builder panel-first-child panel-last-child\" data-index=\"6\" ><div id=\"pl-w5ad67570245ba\"  class=\"panel-layout\" ><div id=\"pg-w5ad67570245ba-0\"  class=\"panel-grid panel-no-style\" ><div id=\"pgc-w5ad67570245ba-0-0\"  class=\"panel-grid-cell\" ><div id=\"panel-w5ad67570245ba-0-0-0\" class=\"widget_text so-panel widget widget_custom_html panel-first-child panel-last-child\" data-index=\"0\" ><div class=\"textwidget custom-html-widget\"><h3>\n\tRefer\u00eancia 2012\n<\/h3><\/div><\/div><\/div><\/div><div id=\"pg-w5ad67570245ba-1\"  class=\"panel-grid panel-no-style\" ><div id=\"pgc-w5ad67570245ba-1-0\"  class=\"panel-grid-cell\" ><div id=\"panel-w5ad67570245ba-1-0-0\" class=\"widget_text so-panel widget widget_custom_html panel-first-child panel-last-child\" data-index=\"1\" ><div class=\"textwidget custom-html-widget\"><ul>\n\t<li><a href=\"https:\/\/coredepes.faccat.br\/wp-content\/uploads\/2018\/04\/Docs_2012_Reuni\u00e3o-Setor-Prim\u00e1rio-30-nov.doc.pdf\"> Reuni\u00e3o Setor Prim\u00e1rio (30 de novembro) <\/a><\/li>\n  <li><a href=\"https:\/\/coredepes.faccat.br\/wp-content\/uploads\/2018\/04\/Docs_2012_Ata-Assembleia-Geral-4-dez.pdf\"> Ata Assembleia Geral (4 de dezembro) <\/a><\/li>\n  <li><a href=\"https:\/\/coredepes.faccat.br\/wp-content\/uploads\/2018\/04\/Docs_2012_Ata-Diretoria-23-abril.doc.pdf\"> Ata Diretoria (23  de abril) <\/a><\/li>\n<\/ul><\/div><\/div><\/div><div id=\"pgc-w5ad67570245ba-1-1\"  class=\"panel-grid-cell\" ><div id=\"panel-w5ad67570245ba-1-1-0\" class=\"widget_text so-panel widget widget_custom_html panel-first-child panel-last-child\" data-index=\"2\" ><div class=\"textwidget custom-html-widget\"><ul>\n\t<li><a href=\"https:\/\/coredepes.faccat.br\/wp-content\/uploads\/2018\/04\/Docs_2012_Relatorio-de-Atividades-2012.pdf\"> Relatorio de Atividades <\/a><\/li>\n<\/ul><\/div><\/div><\/div><\/div><\/div><\/div><\/div><\/div><div id=\"pg-1195-7\"  class=\"panel-grid panel-no-style\" ><div id=\"pgc-1195-7-0\"  class=\"panel-grid-cell\" ><div id=\"panel-1195-7-0-0\" class=\"so-panel widget widget_siteorigin-panels-builder panel-first-child panel-last-child\" data-index=\"7\" ><div id=\"pl-w5ad7a8cb2a101\"  class=\"panel-layout\" ><div id=\"pg-w5ad7a8cb2a101-0\"  class=\"panel-grid panel-no-style\" ><div id=\"pgc-w5ad7a8cb2a101-0-0\"  class=\"panel-grid-cell\" ><div id=\"panel-w5ad7a8cb2a101-0-0-0\" class=\"widget_text so-panel widget widget_custom_html panel-first-child panel-last-child\" data-index=\"0\" ><div class=\"textwidget custom-html-widget\"><h3>\n\tRefer\u00eancia 2011\n<\/h3><\/div><\/div><\/div><\/div><div id=\"pg-w5ad7a8cb2a101-1\"  class=\"panel-grid panel-no-style\" ><div id=\"pgc-w5ad7a8cb2a101-1-0\"  class=\"panel-grid-cell\" ><div id=\"panel-w5ad7a8cb2a101-1-0-0\" class=\"widget_text so-panel widget widget_custom_html panel-first-child panel-last-child\" data-index=\"1\" ><div class=\"textwidget custom-html-widget\"><ul>\n\t<li><a href=\"https:\/\/coredepes.faccat.br\/wp-content\/uploads\/2018\/04\/Docs_2011_Ata-Comiss\u00e3o-do-Ped\u00e1gio-Comunit\u00e1rio-da-RS-239-22-dez.doc.pdf\"> Ata Comiss\u00e3o do Ped\u00e1gio Comunit\u00e1rio da RS 239 (22 de dezembro) <\/a><\/li>\n  <li><a href=\"https:\/\/coredepes.faccat.br\/wp-content\/uploads\/2018\/04\/Docs_2011_Ata-Diretoria-20-junho-aprov-Proj-polo.doc.pdf\"> Ata Diretoria (20 de junho) <\/a><\/li>\n  <li><a href=\"https:\/\/coredepes.faccat.br\/wp-content\/uploads\/2018\/04\/Docs_2011_Ata-Diretoria-23-set-Lindolfo.doc.pdf\"> Ata Diretoria (23 de setembro) <\/a><\/li>\n  <li><a href=\"https:\/\/coredepes.faccat.br\/wp-content\/uploads\/2018\/04\/Docs_2011_Ata-01-2011-seis-de-junho-Alt-Estatuto.doc.pdf\"> Ata 01 (06 de junho) <\/a><\/li>\n  <li><a href=\"https:\/\/coredepes.faccat.br\/wp-content\/uploads\/2018\/04\/Docs_2011_Ata-01-09-09-de-junho.doc.pdf\"> Ata 01 (09 de junho) <\/a><\/li>\n\t<li><a href=\"https:\/\/coredepes.faccat.br\/wp-content\/uploads\/2018\/04\/Docs_2014_Ata-elei\u00e7\u00e3o-Diretoria.pdf\"> Ata Elei\u00e7\u00e3o Diretoria <\/a><\/li>\n<\/ul><\/div><\/div><\/div><div id=\"pgc-w5ad7a8cb2a101-1-1\"  class=\"panel-grid-cell\" ><div id=\"panel-w5ad7a8cb2a101-1-1-0\" class=\"widget_text so-panel widget widget_custom_html panel-first-child panel-last-child\" data-index=\"2\" ><div class=\"textwidget custom-html-widget\"><ul>\n\t<li><a href=\"https:\/\/coredepes.faccat.br\/wp-content\/uploads\/2018\/04\/Docs_2011_Relatorio-de-Atividades-2011.doc.pdf\"> Relatorio de Atividades <\/a><\/li>\n<\/ul><\/div><\/div><\/div><\/div><\/div><\/div><\/div><\/div><div id=\"pg-1195-8\"  class=\"panel-grid panel-no-style\" ><div id=\"pgc-1195-8-0\"  class=\"panel-grid-cell\" ><div id=\"panel-1195-8-0-0\" class=\"so-panel widget widget_siteorigin-panels-builder panel-first-child panel-last-child\" data-index=\"8\" ><div id=\"pl-w5ad67570246c2\"  class=\"panel-layout\" ><div id=\"pg-w5ad67570246c2-0\"  class=\"panel-grid panel-no-style\" ><div id=\"pgc-w5ad67570246c2-0-0\"  class=\"panel-grid-cell\" ><div id=\"panel-w5ad67570246c2-0-0-0\" class=\"widget_text so-panel widget widget_custom_html panel-first-child panel-last-child\" data-index=\"0\" ><div class=\"textwidget custom-html-widget\"><h3>\n\tRefer\u00eancia 2010\n<\/h3><\/div><\/div><\/div><\/div><div id=\"pg-w5ad67570246c2-1\"  class=\"panel-grid panel-no-style\" ><div id=\"pgc-w5ad67570246c2-1-0\"  class=\"panel-grid-cell\" ><div id=\"panel-w5ad67570246c2-1-0-0\" class=\"widget_text so-panel widget widget_custom_html panel-first-child panel-last-child\" data-index=\"1\" ><div class=\"textwidget custom-html-widget\"><ul>\n\t<li><a href=\"https:\/\/coredepes.faccat.br\/wp-content\/uploads\/2018\/04\/Docs_2010_Ata-da-Assembleia-Geral-2-de-junho.pdf\"> Ata Assembleia Geral 01 (02 de junho) <\/a><\/li>\n  <li><a href=\"https:\/\/coredepes.faccat.br\/wp-content\/uploads\/2018\/04\/Docs_2010_Ata-Assemleia-Geral-9-setembro.doc.pdf\"> Ata Assemleia Geral 02 (09 de setembro) <\/a><\/li>\n<\/ul><\/div><\/div><\/div><div id=\"pgc-w5ad67570246c2-1-1\"  class=\"panel-grid-cell\" ><div id=\"panel-w5ad67570246c2-1-1-0\" class=\"widget_text so-panel widget widget_custom_html panel-first-child panel-last-child\" data-index=\"2\" ><div class=\"textwidget custom-html-widget\"><ul>\n\t<li><a href=\"https:\/\/coredepes.faccat.br\/wp-content\/uploads\/2018\/04\/Docs_2010_Relatorio-de-Atividades-2010.pdf\"> Relatorio de Atividades <\/a><\/li>\n<\/ul><\/div><\/div><\/div><\/div><\/div><\/div><\/div><\/div><div id=\"pg-1195-9\"  class=\"panel-grid panel-no-style\" ><div id=\"pgc-1195-9-0\"  class=\"panel-grid-cell\" ><div id=\"panel-1195-9-0-0\" class=\"so-panel widget widget_siteorigin-panels-builder panel-first-child panel-last-child\" data-index=\"9\" ><div id=\"pl-w5ad6757024763\"  class=\"panel-layout\" ><div id=\"pg-w5ad6757024763-0\"  class=\"panel-grid panel-no-style\" ><div id=\"pgc-w5ad6757024763-0-0\"  class=\"panel-grid-cell\" ><div id=\"panel-w5ad6757024763-0-0-0\" class=\"widget_text so-panel widget widget_custom_html panel-first-child panel-last-child\" data-index=\"0\" ><div class=\"textwidget custom-html-widget\"><h3>\n\tRefer\u00eancia 2009\n<\/h3><\/div><\/div><\/div><\/div><div id=\"pg-w5ad6757024763-1\"  class=\"panel-grid panel-no-style\" ><div id=\"pgc-w5ad6757024763-1-0\"  class=\"panel-grid-cell\" ><div id=\"panel-w5ad6757024763-1-0-0\" class=\"widget_text so-panel widget widget_custom_html panel-first-child panel-last-child\" data-index=\"1\" ><div class=\"textwidget custom-html-widget\"><ul>\n\t<li><a href=\"https:\/\/coredepes.faccat.br\/wp-content\/uploads\/2018\/04\/Docs_2009_Ata-01-09-09-de-junho.doc.pdf\"> Ata 01 (09 de junho)  <\/a><\/li>\n  <li><a href=\"https:\/\/coredepes.faccat.br\/wp-content\/uploads\/2018\/04\/Docs_2009_Ata-02-09-01-de-julho.doc.pdf\"> Ata 02 (01 de julho) <\/a><\/li>\n  <li><a href=\"https:\/\/coredepes.faccat.br\/wp-content\/uploads\/2018\/04\/Docs_2009_Ata-03-09-17-de-julho.doc.pdf\"> Ata 03 (17 de julho) <\/a><\/li>\n  <li><a href=\"https:\/\/coredepes.faccat.br\/wp-content\/uploads\/2018\/04\/Docs_2009_Ata-04-09-24-de-julho.doc.pdf\"> Ata 04 (24 de julho) <\/a><\/li>\n  <li><a href=\"https:\/\/coredepes.faccat.br\/wp-content\/uploads\/2018\/04\/Docs_2009_Ata-05-09-22-dezembro.doc.pdf\"> Ata 05 (22 de dezembro) <\/a><\/li>\n<\/ul><\/div><\/div><\/div><div id=\"pgc-w5ad6757024763-1-1\"  class=\"panel-grid-cell\" ><div id=\"panel-w5ad6757024763-1-1-0\" class=\"widget_text so-panel widget widget_custom_html panel-first-child panel-last-child\" data-index=\"2\" ><div class=\"textwidget custom-html-widget\"><ul>\n\t<li><a href=\"https:\/\/coredepes.faccat.br\/wp-content\/uploads\/2018\/04\/Docs_2009_Relatorio-de-Atividades-2009.pdf\"> Relatorio de Atividades <\/a><\/li>\n<\/ul><\/div><\/div><\/div><\/div><\/div><\/div><\/div><\/div><\/div>","protected":false},"excerpt":{"rendered":"<p>Refer\u00eancia 2018 Ata Diretoria 01 (10 de abril) Ata Assembleia Geral 01 (10 de abril) Ata Assembleia Geral 02(15 de maio) Ata Diretoria 02 (15 de maio) Refer\u00eancia 2017 Ata Assembleia Geral 01 (27 de junho) Ata Assembleia Geral 02 (11 de dezembro) Ata Assembleia Regional 01 (14 de julho) Relatorio de Atividades Refer\u00eancia 2016 [&hellip;]<\/p>\n","protected":false},"author":5,"featured_media":0,"parent":0,"menu_order":0,"comment_status":"closed","ping_status":"closed","template":"templates\/template-full.php","meta":{"_monsterinsights_skip_tracking":false,"_monsterinsights_sitenote_active":false,"_monsterinsights_sitenote_note":"","_monsterinsights_sitenote_category":0,"footnotes":""},"class_list":["post-1195","page","type-page","status-publish","hentry","post"],"_links":{"self":[{"href":"https:\/\/coredepes.faccat.br\/index.php\/wp-json\/wp\/v2\/pages\/1195","targetHints":{"allow":["GET"]}}],"collection":[{"href":"https:\/\/coredepes.faccat.br\/index.php\/wp-json\/wp\/v2\/pages"}],"about":[{"href":"https:\/\/coredepes.faccat.br\/index.php\/wp-json\/wp\/v2\/types\/page"}],"author":[{"embeddable":true,"href":"https:\/\/coredepes.faccat.br\/index.php\/wp-json\/wp\/v2\/users\/5"}],"replies":[{"embeddable":true,"href":"https:\/\/coredepes.faccat.br\/index.php\/wp-json\/wp\/v2\/comments?post=1195"}],"version-history":[{"count":35,"href":"https:\/\/coredepes.faccat.br\/index.php\/wp-json\/wp\/v2\/pages\/1195\/revisions"}],"predecessor-version":[{"id":1307,"href":"https:\/\/coredepes.faccat.br\/index.php\/wp-json\/wp\/v2\/pages\/1195\/revisions\/1307"}],"wp:attachment":[{"href":"https:\/\/coredepes.faccat.br\/index.php\/wp-json\/wp\/v2\/media?parent=1195"}],"curies":[{"name":"wp","href":"https:\/\/api.w.org\/{rel}","templated":true}]}}