{"id":1155,"date":"2018-04-16T18:50:42","date_gmt":"2018-04-16T21:50:42","guid":{"rendered":"https:\/\/coredepes.faccat.br\/?page_id=1155"},"modified":"2018-04-18T17:00:58","modified_gmt":"2018-04-18T20:00:58","slug":"acoes","status":"publish","type":"page","link":"https:\/\/coredepes.faccat.br\/index.php\/acoes\/","title":{"rendered":"A\u00e7\u00f5es"},"content":{"rendered":"<div id=\"pl-1155\"  class=\"panel-layout\" ><div id=\"pg-1155-0\"  class=\"panel-grid panel-no-style\" ><div id=\"pgc-1155-0-0\"  class=\"panel-grid-cell\" ><div id=\"panel-1155-0-0-0\" class=\"so-panel widget widget_sow-editor panel-first-child panel-last-child\" data-index=\"0\" ><div\n\t\t\t\n\t\t\tclass=\"so-widget-sow-editor so-widget-sow-editor-base\"\n\t\t\t\n\t\t>\n<div class=\"siteorigin-widget-tinymce textwidget\">\n\t<p>O Corede Paranhana Encosta da Serra tem sido um ativo representante da sociedade regional junto ao Governo do Estado, tendo participado de todas as iniciativas vinculadas ao Desenvolvimento Regional, especialmente as diversas consulta feitas \u00e0 popula\u00e7\u00e3o para defini\u00e7\u00e3o de obras e servi\u00e7os de interesse local.<\/p>\n<p>Exemplos destas a\u00e7\u00f5es relevantes para o desenvolvimento da regi\u00e3o foi a insistente a\u00e7\u00e3o pol\u00edtico representativa junto aos \u00f3rg\u00e3os estaduais e federais no sentido de viabilizar investimentos na infraestrutura. A\u00ed destaca-se a liga\u00e7\u00e3o rodovi\u00e1ria do Paranhana com o litoral, atrav\u00e9s da RS 474, a pavimenta\u00e7\u00e3o da rodovia VRS 865, que liga Estancia Velha \u00e0 BR 116, passando por Presidente Lucena, e a liga\u00e7\u00e3o entre Morro Reuter e Santa Maria do Herval, a duplica\u00e7\u00e3o da RS 239 e a qualifica\u00e7\u00e3o do entorno de Rolante, al\u00e9m de passarelas e acessos municipais na RS 239 e RS 115, bem como na recupera\u00e7\u00e3o do Viaduto da RS 115 e da pr\u00f3pria via, ap\u00f3s os deslizamentos de encostas, ocorridos em 2015.<\/p>\n<p>Na \u00e1rea da Educa\u00e7\u00e3o destaca-se a constru\u00e7\u00e3o da Escola Estadual de Ensino M\u00e9dio Jos\u00e9 Augusto Henemann, a \u00fanica Escola de Ensino M\u00e9dio constru\u00edda no estado desde o final dos anos 90, ao lado de reformas, amplia\u00e7\u00f5es e implanta\u00e7\u00f5es de laborat\u00f3rios de ci\u00eancias, de inform\u00e1tica e bibliotecas em mais de 40 escolas dos dez munic\u00edpios do COREDE.<\/p>\n<p>A sa\u00fade regional nunca foi descurada e nela o Corede participou da implanta\u00e7\u00e3o da UTI do Hospital Bom Jesus, em Taquara e da UTI Neo Natal do Hospital Bom Pastor de Igrejinha, bem como de reformas e amplia\u00e7\u00f5es destes mesmos hospitais, ao lado dos Hospitais S\u00e3o Francisco, de Parob\u00e9, da Funda\u00e7\u00e3o Hospitalar de Rolante e do Hospital Nossa Senhora do Ros\u00e1rio, de Riozinho. Colaborou ainda na melhoria e qualifica\u00e7\u00e3o de Postos e Unidades B\u00e1sicas de Sa\u00fade em todos os munic\u00edpios.<\/p>\n<p>O Corede ainda trabalhou intensamente na melhoria das condi\u00e7\u00f5es de trabalho dos \u00f3rg\u00e3os de Seguran\u00e7a P\u00fablica, sendo not\u00e1vel a aquisi\u00e7\u00e3o e reforma de pr\u00e9dio pr\u00f3prio para a Delegacia Regional de Pol\u00edcia em Taquara, tornando-a aquela que tem a melhos estrutura f\u00edsica entre as Delegacias do estado. S\u00e3o registradas ainda diversas a\u00e7\u00f5es de melhorias em Delegacias de Pol\u00edcia e em Unidades da Brigada Militar, no pr\u00e9dio do Corpo de Bombeiros Regional, e da aquisi\u00e7\u00e3o de dezenas de ve\u00edculos, barcos, armamento, equipamentos de prote\u00e7\u00e3o e de uso corrente nas unidades.<\/p>\n<p>Colaborou e colabora ainda na importante iniciativa regional que \u00e9 a Oficina Volunt\u00e1ria de Defesa Civil, que busca proporcionar organiza\u00e7\u00e3o e qualifica\u00e7\u00e3o de preven\u00e7\u00e3o em desastres e ocorr\u00eancias clim\u00e1ticas.<\/p>\n<p>Outra iniciativa importante foi a estrutura\u00e7\u00e3o da Casa de Governo, a primeira do Estado, onde re\u00fanem-se, em Taquara, as principais representa\u00e7\u00f5es de \u00f3rg\u00e3o estaduais da Regi\u00e3o.<\/p>\n<p>Na organiza\u00e7\u00e3o administrativa da regi\u00e3o o Corede articulou, em conjunto com as Faculdades Integradas de Taquara, a qualifica\u00e7\u00e3o do corpo t\u00e9cnico dos munic\u00edpios em elabora\u00e7\u00e3o e manuten\u00e7\u00e3o dos Planos Diretores Municipais.<\/p>\n<p>O Corede tem acompanhado, durantes todos estes anos, o funcionamento da Pra\u00e7a de Ped\u00e1gio de Campo Bom, na RS 239, atuando na fiscaliza\u00e7\u00e3o financeira e na realiza\u00e7\u00e3o das obras de conserva\u00e7\u00e3o e duplica\u00e7\u00e3o da via. A efetividade deste acompanhamento pode ser explicitada na menor tarifa dentre todas as pra\u00e7as de ped\u00e1gio do Estado, e na realiza\u00e7\u00e3o das obras necess\u00e1rias.<\/p>\n<p>O Corede tem conseguido mobilizar a comunidade regional para a Consulta Popular. Este processo exige intensa dedica\u00e7\u00e3o da Diretoria e dos Conselhos Municipais de Desenvolvimento, mas em consequ\u00eancia tem trazido resultados expressivos para os munic\u00edpios da regi\u00e3o, em valores estimados superiores a R$ 40 milh\u00f5es. O Corede Paranhana Encosta da Serra \u00e9, dentre os 28 Conselhos um dos menores em popula\u00e7\u00e3o, mas tem se destacado pelo significativo n\u00famero de votos.<\/p>\n<p>Estas iniciativas todas somam-se a dezenas de outras ocorridas diuturnamente, na \u00e1rea cultural, de promo\u00e7\u00e3o do turismo, do esporte e do lazer, na preserva\u00e7\u00e3o ambiental e nos cuidados com a inf\u00e2ncia e a adolesc\u00eancia.<\/p>\n<p>\u00c9 uma permanente atua\u00e7\u00e3o em prol do desenvolvimento da regi\u00e3o e de sua gente, articulando a participa\u00e7\u00e3o de cidad\u00e3os, entidades e \u00f3rg\u00e3os p\u00fablicos, todos irmanados na causa do trabalho volunt\u00e1rio de tornar cada um dos 10 munic\u00edpios um exemplo de boas condi\u00e7\u00f5es de vida.<\/p>\n<\/div>\n<\/div><\/div><\/div><\/div><\/div>","protected":false},"excerpt":{"rendered":"<p>O Corede Paranhana Encosta da Serra tem sido um ativo representante da sociedade regional junto ao Governo do Estado, tendo participado de todas as iniciativas vinculadas ao Desenvolvimento Regional, especialmente as diversas consulta feitas \u00e0 popula\u00e7\u00e3o para defini\u00e7\u00e3o de obras e servi\u00e7os de interesse local. Exemplos destas a\u00e7\u00f5es relevantes para o desenvolvimento da regi\u00e3o foi [&hellip;]<\/p>\n","protected":false},"author":5,"featured_media":0,"parent":0,"menu_order":0,"comment_status":"closed","ping_status":"closed","template":"templates\/template-full.php","meta":{"_monsterinsights_skip_tracking":false,"_monsterinsights_sitenote_active":false,"_monsterinsights_sitenote_note":"","_monsterinsights_sitenote_category":0,"footnotes":""},"class_list":["post-1155","page","type-page","status-publish","hentry","post"],"_links":{"self":[{"href":"https:\/\/coredepes.faccat.br\/index.php\/wp-json\/wp\/v2\/pages\/1155","targetHints":{"allow":["GET"]}}],"collection":[{"href":"https:\/\/coredepes.faccat.br\/index.php\/wp-json\/wp\/v2\/pages"}],"about":[{"href":"https:\/\/coredepes.faccat.br\/index.php\/wp-json\/wp\/v2\/types\/page"}],"author":[{"embeddable":true,"href":"https:\/\/coredepes.faccat.br\/index.php\/wp-json\/wp\/v2\/users\/5"}],"replies":[{"embeddable":true,"href":"https:\/\/coredepes.faccat.br\/index.php\/wp-json\/wp\/v2\/comments?post=1155"}],"version-history":[{"count":14,"href":"https:\/\/coredepes.faccat.br\/index.php\/wp-json\/wp\/v2\/pages\/1155\/revisions"}],"predecessor-version":[{"id":1275,"href":"https:\/\/coredepes.faccat.br\/index.php\/wp-json\/wp\/v2\/pages\/1155\/revisions\/1275"}],"wp:attachment":[{"href":"https:\/\/coredepes.faccat.br\/index.php\/wp-json\/wp\/v2\/media?parent=1155"}],"curies":[{"name":"wp","href":"https:\/\/api.w.org\/{rel}","templated":true}]}}